{"id":3973,"date":"2020-06-03T12:32:50","date_gmt":"2020-06-03T09:32:50","guid":{"rendered":"https:\/\/emeca.fi\/i-palfabriken\/"},"modified":"2020-06-16T08:05:55","modified_gmt":"2020-06-16T05:05:55","slug":"i-palfabriken","status":"publish","type":"page","link":"https:\/\/emeca.fi\/sv\/i-palfabriken\/","title":{"rendered":"I p\u00e5lfabriken"},"content":{"rendered":"\t\t<div data-elementor-type=\"wp-post\" data-elementor-id=\"3973\" class=\"elementor elementor-3973 elementor-1420\">\n\t\t\t\t\t\t<section class=\"elementor-section elementor-top-section elementor-element elementor-element-c6cc1b0 elementor-section-height-min-height elementor-section-boxed elementor-section-height-default elementor-section-items-middle\" data-id=\"c6cc1b0\" data-element_type=\"section\" data-e-type=\"section\" data-settings=\"{&quot;background_background&quot;:&quot;slideshow&quot;,&quot;background_slideshow_gallery&quot;:[{&quot;id&quot;:2513,&quot;url&quot;:&quot;https:\\\/\\\/emeca.fi\\\/wp-content\\\/uploads\\\/2020\\\/05\\\/Emeca-pilefactory-1-1-scaled-e1592203032784.jpg&quot;},{&quot;id&quot;:2537,&quot;url&quot;:&quot;https:\\\/\\\/emeca.fi\\\/wp-content\\\/uploads\\\/2020\\\/05\\\/Emeca-pile_joints-2-of-2.jpg&quot;},{&quot;id&quot;:4161,&quot;url&quot;:&quot;https:\\\/\\\/emeca.fi\\\/wp-content\\\/uploads\\\/2020\\\/06\\\/Emeca-USA-piling-site-1.jpg&quot;}],&quot;background_slideshow_transition_duration&quot;:700,&quot;background_slideshow_loop&quot;:&quot;yes&quot;,&quot;background_slideshow_slide_duration&quot;:5000,&quot;background_slideshow_slide_transition&quot;:&quot;fade&quot;}\">\n\t\t\t\t\t\t\t<div class=\"elementor-background-overlay\"><\/div>\n\t\t\t\t\t\t\t<div class=\"elementor-container elementor-column-gap-default\">\n\t\t\t\t\t<div class=\"elementor-column elementor-col-100 elementor-top-column elementor-element elementor-element-93e83f5\" data-id=\"93e83f5\" data-element_type=\"column\" data-e-type=\"column\">\n\t\t\t<div class=\"elementor-widget-wrap elementor-element-populated\">\n\t\t\t\t\t\t<div class=\"elementor-element elementor-element-f303414 elementor-widget elementor-widget-heading\" data-id=\"f303414\" data-element_type=\"widget\" data-e-type=\"widget\" data-widget_type=\"heading.default\">\n\t\t\t\t<div class=\"elementor-widget-container\">\n\t\t\t\t\t<h1 class=\"elementor-heading-title elementor-size-default\">I P\u00c5LFABRIKEN<\/h1>\t\t\t\t<\/div>\n\t\t\t\t<\/div>\n\t\t\t\t\t<\/div>\n\t\t<\/div>\n\t\t\t\t\t<\/div>\n\t\t<\/section>\n\t\t\t\t<section class=\"elementor-section elementor-inner-section elementor-element elementor-element-36cc6bd elementor-section-content-middle elementor-section-boxed elementor-section-height-default elementor-section-height-default\" data-id=\"36cc6bd\" data-element_type=\"section\" data-e-type=\"section\">\n\t\t\t\t\t\t<div class=\"elementor-container elementor-column-gap-default\">\n\t\t\t\t\t<div class=\"elementor-column elementor-col-50 elementor-inner-column elementor-element elementor-element-eb44616\" data-id=\"eb44616\" data-element_type=\"column\" data-e-type=\"column\">\n\t\t\t<div class=\"elementor-widget-wrap elementor-element-populated\">\n\t\t\t\t\t\t<div class=\"elementor-element elementor-element-2ea1cbe elementor-widget elementor-widget-heading\" data-id=\"2ea1cbe\" data-element_type=\"widget\" data-e-type=\"widget\" data-widget_type=\"heading.default\">\n\t\t\t\t<div class=\"elementor-widget-container\">\n\t\t\t\t\t<h3 class=\"elementor-heading-title elementor-size-default\">GJUTVERKTYG <\/h3>\t\t\t\t<\/div>\n\t\t\t\t<\/div>\n\t\t\t\t<div class=\"elementor-element elementor-element-e164844 elementor-widget elementor-widget-text-editor\" data-id=\"e164844\" data-element_type=\"widget\" data-e-type=\"widget\" data-widget_type=\"text-editor.default\">\n\t\t\t\t<div class=\"elementor-widget-container\">\n\t\t\t\t\t\t\t\t\t<p>I och med att vi grundligt har satt oss in i p\u00e5lningsprocessen, har vi kunnat utveckla innovativa verktyg b\u00e5de f\u00f6r gjutningen och f\u00f6r p\u00e5lningen. De h\u00f6gklassiga p\u00e5larna tillverkas med Emeca- gjutverktyg.<br \/>F\u00f6r p\u00e5lfabrikernas behov har vi utvecklat ett gjutverktyg f\u00f6r p\u00e5lskarv som f\u00e4star skarven i rakt och vinkelr\u00e4tt l\u00e4ge i f\u00f6rh\u00e5llande till p\u00e5lens l\u00e4ngdaxel. Som resultat av v\u00e5rt utvecklingsarbete har det ocks\u00e5 tagits fram ett gjutverktyg f\u00f6r bergskon som styr bergskon parallellt med p\u00e5lens axel samt ett gjutverktyg f\u00f6r slaghuvudet som s\u00e4kerst\u00e4ller att p\u00e5l\u00e4ndan blir rakt och formas r\u00e4tt.<br \/>Vi \u00e4r alltid beredda att skr\u00e4ddarsy nya typer av gjutverktyg f\u00f6r varje enskild kunds behov.<\/p>\n\t\t\t\t\t\t\t\t<\/div>\n\t\t\t\t<\/div>\n\t\t\t\t<div class=\"elementor-element elementor-element-93b36da elementor-widget elementor-widget-button\" data-id=\"93b36da\" data-element_type=\"widget\" data-e-type=\"widget\" data-widget_type=\"button.default\">\n\t\t\t\t<div class=\"elementor-widget-container\">\n\t\t\t\t\t\t\t\t\t<div class=\"elementor-button-wrapper\">\n\t\t\t\t\t<a class=\"elementor-button elementor-button-link elementor-size-sm elementor-animation-grow\" href=\"https:\/\/emeca.fi\/sv\/kontakt\/\">\n\t\t\t\t\t\t<span class=\"elementor-button-content-wrapper\">\n\t\t\t\t\t\t\t\t\t<span class=\"elementor-button-text\">KONTAKT<\/span>\n\t\t\t\t\t<\/span>\n\t\t\t\t\t<\/a>\n\t\t\t\t<\/div>\n\t\t\t\t\t\t\t\t<\/div>\n\t\t\t\t<\/div>\n\t\t\t\t\t<\/div>\n\t\t<\/div>\n\t\t\t\t<div class=\"elementor-column elementor-col-50 elementor-inner-column elementor-element elementor-element-bf9685e\" data-id=\"bf9685e\" data-element_type=\"column\" data-e-type=\"column\">\n\t\t\t<div class=\"elementor-widget-wrap elementor-element-populated\">\n\t\t\t\t\t\t<div class=\"elementor-element elementor-element-7184e5d elementor-pagination-position-inside elementor-arrows-position-inside elementor-widget elementor-widget-image-carousel\" data-id=\"7184e5d\" data-element_type=\"widget\" data-e-type=\"widget\" data-settings=\"{&quot;slides_to_show&quot;:&quot;1&quot;,&quot;pause_on_hover&quot;:&quot;no&quot;,&quot;autoplay_speed&quot;:2000,&quot;pause_on_interaction&quot;:&quot;no&quot;,&quot;navigation&quot;:&quot;both&quot;,&quot;autoplay&quot;:&quot;yes&quot;,&quot;infinite&quot;:&quot;yes&quot;,&quot;effect&quot;:&quot;slide&quot;,&quot;speed&quot;:500}\" data-widget_type=\"image-carousel.default\">\n\t\t\t\t<div class=\"elementor-widget-container\">\n\t\t\t\t\t\t\t<div class=\"elementor-image-carousel-wrapper swiper\" role=\"region\" aria-roledescription=\"carousel\" aria-label=\"Bildkarusell\" dir=\"ltr\">\n\t\t\t<div class=\"elementor-image-carousel swiper-wrapper\" aria-live=\"off\">\n\t\t\t\t\t\t\t\t<div class=\"swiper-slide\" role=\"group\" aria-roledescription=\"slide\" aria-label=\"1 av 2\"><figure class=\"swiper-slide-inner\"><img decoding=\"async\" class=\"swiper-slide-image\" src=\"https:\/\/emeca.fi\/wp-content\/uploads\/2020\/06\/Emeca-valuohjain-compact-1-1024x666.jpg\" alt=\"Emeca combat casting guide\" \/><\/figure><\/div><div class=\"swiper-slide\" role=\"group\" aria-roledescription=\"slide\" aria-label=\"2 av 2\"><figure class=\"swiper-slide-inner\"><img decoding=\"async\" class=\"swiper-slide-image\" src=\"https:\/\/emeca.fi\/wp-content\/uploads\/2020\/06\/Emeca-valuohjain-sininen-1-4-1024x632.jpg\" alt=\"Emeca casting guide\" \/><\/figure><\/div>\t\t\t<\/div>\n\t\t\t\t\t\t\t\t\t\t\t\t<div class=\"elementor-swiper-button elementor-swiper-button-prev\" role=\"button\" tabindex=\"0\">\n\t\t\t\t\t\t<i aria-hidden=\"true\" class=\"eicon-chevron-left\"><\/i>\t\t\t\t\t<\/div>\n\t\t\t\t\t<div class=\"elementor-swiper-button elementor-swiper-button-next\" role=\"button\" tabindex=\"0\">\n\t\t\t\t\t\t<i aria-hidden=\"true\" class=\"eicon-chevron-right\"><\/i>\t\t\t\t\t<\/div>\n\t\t\t\t\n\t\t\t\t\t\t\t\t\t<div class=\"swiper-pagination\"><\/div>\n\t\t\t\t\t\t\t\t\t<\/div>\n\t\t\t\t\t\t<\/div>\n\t\t\t\t<\/div>\n\t\t\t\t\t<\/div>\n\t\t<\/div>\n\t\t\t\t\t<\/div>\n\t\t<\/section>\n\t\t\t\t<section class=\"elementor-section elementor-inner-section elementor-element elementor-element-0c5307f elementor-section-content-middle elementor-section-boxed elementor-section-height-default elementor-section-height-default\" data-id=\"0c5307f\" data-element_type=\"section\" data-e-type=\"section\">\n\t\t\t\t\t\t<div class=\"elementor-container elementor-column-gap-default\">\n\t\t\t\t\t<div class=\"elementor-column elementor-col-100 elementor-inner-column elementor-element elementor-element-2dafb23\" data-id=\"2dafb23\" data-element_type=\"column\" data-e-type=\"column\">\n\t\t\t<div class=\"elementor-widget-wrap elementor-element-populated\">\n\t\t\t\t\t\t<div class=\"elementor-element elementor-element-b45f8cc elementor-widget-divider--view-line elementor-widget elementor-widget-divider\" data-id=\"b45f8cc\" data-element_type=\"widget\" data-e-type=\"widget\" data-widget_type=\"divider.default\">\n\t\t\t\t<div class=\"elementor-widget-container\">\n\t\t\t\t\t\t\t<div class=\"elementor-divider\">\n\t\t\t<span class=\"elementor-divider-separator\">\n\t\t\t\t\t\t<\/span>\n\t\t<\/div>\n\t\t\t\t\t\t<\/div>\n\t\t\t\t<\/div>\n\t\t\t\t\t<\/div>\n\t\t<\/div>\n\t\t\t\t\t<\/div>\n\t\t<\/section>\n\t\t\t\t<section class=\"elementor-section elementor-top-section elementor-element elementor-element-e8222d1 elementor-section-boxed elementor-section-height-default elementor-section-height-default\" data-id=\"e8222d1\" data-element_type=\"section\" data-e-type=\"section\">\n\t\t\t\t\t\t<div class=\"elementor-container elementor-column-gap-default\">\n\t\t\t\t\t<div class=\"elementor-column elementor-col-100 elementor-top-column elementor-element elementor-element-d5bce62\" data-id=\"d5bce62\" data-element_type=\"column\" data-e-type=\"column\">\n\t\t\t<div class=\"elementor-widget-wrap elementor-element-populated\">\n\t\t\t\t\t\t<div class=\"elementor-element elementor-element-821744f elementor-widget elementor-widget-heading\" data-id=\"821744f\" data-element_type=\"widget\" data-e-type=\"widget\" data-widget_type=\"heading.default\">\n\t\t\t\t<div class=\"elementor-widget-container\">\n\t\t\t\t\t<h3 class=\"elementor-heading-title elementor-size-default\">GJUTFORMAL F\u00d6R P\u00c5LAR<\/h3>\t\t\t\t<\/div>\n\t\t\t\t<\/div>\n\t\t\t\t<div class=\"elementor-element elementor-element-25739ee elementor-widget elementor-widget-text-editor\" data-id=\"25739ee\" data-element_type=\"widget\" data-e-type=\"widget\" data-widget_type=\"text-editor.default\">\n\t\t\t\t<div class=\"elementor-widget-container\">\n\t\t\t\t\t\t\t\t\t<p>Emeca har planerat m\u00e5nga typer av gjutformar f\u00f6r p\u00e5lar och tagit del i planeringen av m\u00e5nga fullst\u00e4ndiga p\u00e5lfabriker. Vid behov erbjuder vi nyckelf\u00e4rdiga p\u00e5lformar som har planerats och tillverkats f\u00f6r kundens behov.<br>V\u00e5ra anst\u00e4lldas specialkunnande, som uppdateras kontinuerligt, och v\u00e5r \u00f6ver tjugo \u00e5r l\u00e5nga erfarenhet st\u00e5r alltid er till f\u00f6rfogande.<\/p>\t\t\t\t\t\t\t\t<\/div>\n\t\t\t\t<\/div>\n\t\t\t\t\t<\/div>\n\t\t<\/div>\n\t\t\t\t\t<\/div>\n\t\t<\/section>\n\t\t\t\t<section class=\"elementor-section elementor-top-section elementor-element elementor-element-2386c1d elementor-section-boxed elementor-section-height-default elementor-section-height-default\" data-id=\"2386c1d\" data-element_type=\"section\" data-e-type=\"section\">\n\t\t\t\t\t\t<div class=\"elementor-container elementor-column-gap-default\">\n\t\t\t\t\t<div class=\"elementor-column elementor-col-100 elementor-top-column elementor-element elementor-element-c8908fc\" data-id=\"c8908fc\" data-element_type=\"column\" data-e-type=\"column\">\n\t\t\t<div class=\"elementor-widget-wrap elementor-element-populated\">\n\t\t\t\t\t\t<div class=\"elementor-element elementor-element-e760781 elementor-widget elementor-widget-spacer\" data-id=\"e760781\" data-element_type=\"widget\" data-e-type=\"widget\" data-widget_type=\"spacer.default\">\n\t\t\t\t<div class=\"elementor-widget-container\">\n\t\t\t\t\t\t\t<div class=\"elementor-spacer\">\n\t\t\t<div class=\"elementor-spacer-inner\"><\/div>\n\t\t<\/div>\n\t\t\t\t\t\t<\/div>\n\t\t\t\t<\/div>\n\t\t\t\t\t<\/div>\n\t\t<\/div>\n\t\t\t\t\t<\/div>\n\t\t<\/section>\n\t\t\t\t<\/div>\n\t\t","protected":false},"excerpt":{"rendered":"<p>I P\u00c5LFABRIKEN GJUTVERKTYG I och med att vi grundligt har satt oss in i p\u00e5lningsprocessen, har vi kunnat utveckla innovativa verktyg b\u00e5de f\u00f6r gjutningen och f\u00f6r p\u00e5lningen. De h\u00f6gklassiga p\u00e5larna tillverkas med Emeca- gjutverktyg.F\u00f6r p\u00e5lfabrikernas behov har vi utvecklat ett gjutverktyg f\u00f6r p\u00e5lskarv som f\u00e4star skarven i rakt och vinkelr\u00e4tt l\u00e4ge i f\u00f6rh\u00e5llande till p\u00e5lens [&hellip;]<\/p>\n","protected":false},"author":1,"featured_media":0,"parent":0,"menu_order":0,"comment_status":"closed","ping_status":"closed","template":"elementor_header_footer","meta":{"site-sidebar-layout":"no-sidebar","site-content-layout":"page-builder","ast-site-content-layout":"default","site-content-style":"default","site-sidebar-style":"default","ast-global-header-display":"","ast-banner-title-visibility":"","ast-main-header-display":"","ast-hfb-above-header-display":"","ast-hfb-below-header-display":"","ast-hfb-mobile-header-display":"","site-post-title":"disabled","ast-breadcrumbs-content":"","ast-featured-img":"disabled","footer-sml-layout":"","ast-disable-related-posts":"","theme-transparent-header-meta":"default","adv-header-id-meta":"","stick-header-meta":"","header-above-stick-meta":"","header-main-stick-meta":"","header-below-stick-meta":"","astra-migrate-meta-layouts":"default","ast-page-background-enabled":"default","ast-page-background-meta":{"desktop":{"background-color":"","background-image":"","background-repeat":"repeat","background-position":"center center","background-size":"auto","background-attachment":"scroll","background-type":"","background-media":"","overlay-type":"","overlay-color":"","overlay-opacity":"","overlay-gradient":""},"tablet":{"background-color":"","background-image":"","background-repeat":"repeat","background-position":"center center","background-size":"auto","background-attachment":"scroll","background-type":"","background-media":"","overlay-type":"","overlay-color":"","overlay-opacity":"","overlay-gradient":""},"mobile":{"background-color":"","background-image":"","background-repeat":"repeat","background-position":"center center","background-size":"auto","background-attachment":"scroll","background-type":"","background-media":"","overlay-type":"","overlay-color":"","overlay-opacity":"","overlay-gradient":""}},"ast-content-background-meta":{"desktop":{"background-color":"var(--ast-global-color-5)","background-image":"","background-repeat":"repeat","background-position":"center center","background-size":"auto","background-attachment":"scroll","background-type":"","background-media":"","overlay-type":"","overlay-color":"","overlay-opacity":"","overlay-gradient":""},"tablet":{"background-color":"var(--ast-global-color-5)","background-image":"","background-repeat":"repeat","background-position":"center center","background-size":"auto","background-attachment":"scroll","background-type":"","background-media":"","overlay-type":"","overlay-color":"","overlay-opacity":"","overlay-gradient":""},"mobile":{"background-color":"var(--ast-global-color-5)","background-image":"","background-repeat":"repeat","background-position":"center center","background-size":"auto","background-attachment":"scroll","background-type":"","background-media":"","overlay-type":"","overlay-color":"","overlay-opacity":"","overlay-gradient":""}},"footnotes":""},"class_list":["post-3973","page","type-page","status-publish","hentry"],"yoast_head":"<!-- This site is optimized with the Yoast SEO plugin v27.6 - https:\/\/yoast.com\/product\/yoast-seo-wordpress\/ -->\n<title>I p\u00e5lfabriken - Emeca Oy<\/title>\n<meta name=\"robots\" content=\"index, follow, max-snippet:-1, max-image-preview:large, max-video-preview:-1\" \/>\n<link rel=\"canonical\" href=\"https:\/\/emeca.fi\/sv\/i-palfabriken\/\" \/>\n<meta property=\"og:locale\" content=\"sv_SE\" \/>\n<meta property=\"og:type\" content=\"article\" \/>\n<meta property=\"og:title\" content=\"I p\u00e5lfabriken - Emeca Oy\" \/>\n<meta property=\"og:description\" content=\"I P\u00c5LFABRIKEN GJUTVERKTYG I och med att vi grundligt har satt oss in i p\u00e5lningsprocessen, har vi kunnat utveckla innovativa verktyg b\u00e5de f\u00f6r gjutningen och f\u00f6r p\u00e5lningen. De h\u00f6gklassiga p\u00e5larna tillverkas med Emeca- gjutverktyg.F\u00f6r p\u00e5lfabrikernas behov har vi utvecklat ett gjutverktyg f\u00f6r p\u00e5lskarv som f\u00e4star skarven i rakt och vinkelr\u00e4tt l\u00e4ge i f\u00f6rh\u00e5llande till p\u00e5lens [&hellip;]\" \/>\n<meta property=\"og:url\" content=\"https:\/\/emeca.fi\/sv\/i-palfabriken\/\" \/>\n<meta property=\"og:site_name\" content=\"Emeca Oy\" \/>\n<meta property=\"article:modified_time\" content=\"2020-06-16T05:05:55+00:00\" \/>\n<meta property=\"og:image\" content=\"https:\/\/emeca.fi\/wp-content\/uploads\/2020\/06\/Emeca-valuohjain-compact-1-1024x666.jpg\" \/>\n<meta name=\"twitter:card\" content=\"summary_large_image\" \/>\n<meta name=\"twitter:label1\" content=\"Ber\u00e4knad l\u00e4stid\" \/>\n\t<meta name=\"twitter:data1\" content=\"1 minut\" \/>\n<script type=\"application\/ld+json\" class=\"yoast-schema-graph\">{\"@context\":\"https:\\\/\\\/schema.org\",\"@graph\":[{\"@type\":\"WebPage\",\"@id\":\"https:\\\/\\\/emeca.fi\\\/sv\\\/i-palfabriken\\\/\",\"url\":\"https:\\\/\\\/emeca.fi\\\/sv\\\/i-palfabriken\\\/\",\"name\":\"I p\u00e5lfabriken - Emeca Oy\",\"isPartOf\":{\"@id\":\"https:\\\/\\\/emeca.fi\\\/sv\\\/#website\"},\"primaryImageOfPage\":{\"@id\":\"https:\\\/\\\/emeca.fi\\\/sv\\\/i-palfabriken\\\/#primaryimage\"},\"image\":{\"@id\":\"https:\\\/\\\/emeca.fi\\\/sv\\\/i-palfabriken\\\/#primaryimage\"},\"thumbnailUrl\":\"https:\\\/\\\/emeca.fi\\\/wp-content\\\/uploads\\\/2020\\\/06\\\/Emeca-valuohjain-compact-1-1024x666.jpg\",\"datePublished\":\"2020-06-03T09:32:50+00:00\",\"dateModified\":\"2020-06-16T05:05:55+00:00\",\"breadcrumb\":{\"@id\":\"https:\\\/\\\/emeca.fi\\\/sv\\\/i-palfabriken\\\/#breadcrumb\"},\"inLanguage\":\"sv-SE\",\"potentialAction\":[{\"@type\":\"ReadAction\",\"target\":[\"https:\\\/\\\/emeca.fi\\\/sv\\\/i-palfabriken\\\/\"]}]},{\"@type\":\"ImageObject\",\"inLanguage\":\"sv-SE\",\"@id\":\"https:\\\/\\\/emeca.fi\\\/sv\\\/i-palfabriken\\\/#primaryimage\",\"url\":\"https:\\\/\\\/emeca.fi\\\/wp-content\\\/uploads\\\/2020\\\/06\\\/Emeca-valuohjain-compact-1-1024x666.jpg\",\"contentUrl\":\"https:\\\/\\\/emeca.fi\\\/wp-content\\\/uploads\\\/2020\\\/06\\\/Emeca-valuohjain-compact-1-1024x666.jpg\"},{\"@type\":\"BreadcrumbList\",\"@id\":\"https:\\\/\\\/emeca.fi\\\/sv\\\/i-palfabriken\\\/#breadcrumb\",\"itemListElement\":[{\"@type\":\"ListItem\",\"position\":1,\"name\":\"Home\",\"item\":\"https:\\\/\\\/emeca.fi\\\/sv\\\/\"},{\"@type\":\"ListItem\",\"position\":2,\"name\":\"I p\u00e5lfabriken\"}]},{\"@type\":\"WebSite\",\"@id\":\"https:\\\/\\\/emeca.fi\\\/sv\\\/#website\",\"url\":\"https:\\\/\\\/emeca.fi\\\/sv\\\/\",\"name\":\"Emeca Oy\",\"description\":\"World&#039;s finest piling components\",\"publisher\":{\"@id\":\"https:\\\/\\\/emeca.fi\\\/sv\\\/#organization\"},\"potentialAction\":[{\"@type\":\"SearchAction\",\"target\":{\"@type\":\"EntryPoint\",\"urlTemplate\":\"https:\\\/\\\/emeca.fi\\\/sv\\\/?s={search_term_string}\"},\"query-input\":{\"@type\":\"PropertyValueSpecification\",\"valueRequired\":true,\"valueName\":\"search_term_string\"}}],\"inLanguage\":\"sv-SE\"},{\"@type\":\"Organization\",\"@id\":\"https:\\\/\\\/emeca.fi\\\/sv\\\/#organization\",\"name\":\"Emeca Oy\",\"url\":\"https:\\\/\\\/emeca.fi\\\/sv\\\/\",\"logo\":{\"@type\":\"ImageObject\",\"inLanguage\":\"sv-SE\",\"@id\":\"https:\\\/\\\/emeca.fi\\\/sv\\\/#\\\/schema\\\/logo\\\/image\\\/\",\"url\":\"https:\\\/\\\/emeca.fi\\\/wp-content\\\/uploads\\\/2020\\\/05\\\/cropped-Emeca_logo2_valkoisella_taustalla.jpg\",\"contentUrl\":\"https:\\\/\\\/emeca.fi\\\/wp-content\\\/uploads\\\/2020\\\/05\\\/cropped-Emeca_logo2_valkoisella_taustalla.jpg\",\"width\":861,\"height\":204,\"caption\":\"Emeca Oy\"},\"image\":{\"@id\":\"https:\\\/\\\/emeca.fi\\\/sv\\\/#\\\/schema\\\/logo\\\/image\\\/\"}}]}<\/script>\n<!-- \/ Yoast SEO plugin. -->","yoast_head_json":{"title":"I p\u00e5lfabriken - Emeca Oy","robots":{"index":"index","follow":"follow","max-snippet":"max-snippet:-1","max-image-preview":"max-image-preview:large","max-video-preview":"max-video-preview:-1"},"canonical":"https:\/\/emeca.fi\/sv\/i-palfabriken\/","og_locale":"sv_SE","og_type":"article","og_title":"I p\u00e5lfabriken - Emeca Oy","og_description":"I P\u00c5LFABRIKEN GJUTVERKTYG I och med att vi grundligt har satt oss in i p\u00e5lningsprocessen, har vi kunnat utveckla innovativa verktyg b\u00e5de f\u00f6r gjutningen och f\u00f6r p\u00e5lningen. De h\u00f6gklassiga p\u00e5larna tillverkas med Emeca- gjutverktyg.F\u00f6r p\u00e5lfabrikernas behov har vi utvecklat ett gjutverktyg f\u00f6r p\u00e5lskarv som f\u00e4star skarven i rakt och vinkelr\u00e4tt l\u00e4ge i f\u00f6rh\u00e5llande till p\u00e5lens [&hellip;]","og_url":"https:\/\/emeca.fi\/sv\/i-palfabriken\/","og_site_name":"Emeca Oy","article_modified_time":"2020-06-16T05:05:55+00:00","og_image":[{"url":"https:\/\/emeca.fi\/wp-content\/uploads\/2020\/06\/Emeca-valuohjain-compact-1-1024x666.jpg","type":"","width":"","height":""}],"twitter_card":"summary_large_image","twitter_misc":{"Ber\u00e4knad l\u00e4stid":"1 minut"},"schema":{"@context":"https:\/\/schema.org","@graph":[{"@type":"WebPage","@id":"https:\/\/emeca.fi\/sv\/i-palfabriken\/","url":"https:\/\/emeca.fi\/sv\/i-palfabriken\/","name":"I p\u00e5lfabriken - Emeca Oy","isPartOf":{"@id":"https:\/\/emeca.fi\/sv\/#website"},"primaryImageOfPage":{"@id":"https:\/\/emeca.fi\/sv\/i-palfabriken\/#primaryimage"},"image":{"@id":"https:\/\/emeca.fi\/sv\/i-palfabriken\/#primaryimage"},"thumbnailUrl":"https:\/\/emeca.fi\/wp-content\/uploads\/2020\/06\/Emeca-valuohjain-compact-1-1024x666.jpg","datePublished":"2020-06-03T09:32:50+00:00","dateModified":"2020-06-16T05:05:55+00:00","breadcrumb":{"@id":"https:\/\/emeca.fi\/sv\/i-palfabriken\/#breadcrumb"},"inLanguage":"sv-SE","potentialAction":[{"@type":"ReadAction","target":["https:\/\/emeca.fi\/sv\/i-palfabriken\/"]}]},{"@type":"ImageObject","inLanguage":"sv-SE","@id":"https:\/\/emeca.fi\/sv\/i-palfabriken\/#primaryimage","url":"https:\/\/emeca.fi\/wp-content\/uploads\/2020\/06\/Emeca-valuohjain-compact-1-1024x666.jpg","contentUrl":"https:\/\/emeca.fi\/wp-content\/uploads\/2020\/06\/Emeca-valuohjain-compact-1-1024x666.jpg"},{"@type":"BreadcrumbList","@id":"https:\/\/emeca.fi\/sv\/i-palfabriken\/#breadcrumb","itemListElement":[{"@type":"ListItem","position":1,"name":"Home","item":"https:\/\/emeca.fi\/sv\/"},{"@type":"ListItem","position":2,"name":"I p\u00e5lfabriken"}]},{"@type":"WebSite","@id":"https:\/\/emeca.fi\/sv\/#website","url":"https:\/\/emeca.fi\/sv\/","name":"Emeca Oy","description":"World&#039;s finest piling components","publisher":{"@id":"https:\/\/emeca.fi\/sv\/#organization"},"potentialAction":[{"@type":"SearchAction","target":{"@type":"EntryPoint","urlTemplate":"https:\/\/emeca.fi\/sv\/?s={search_term_string}"},"query-input":{"@type":"PropertyValueSpecification","valueRequired":true,"valueName":"search_term_string"}}],"inLanguage":"sv-SE"},{"@type":"Organization","@id":"https:\/\/emeca.fi\/sv\/#organization","name":"Emeca Oy","url":"https:\/\/emeca.fi\/sv\/","logo":{"@type":"ImageObject","inLanguage":"sv-SE","@id":"https:\/\/emeca.fi\/sv\/#\/schema\/logo\/image\/","url":"https:\/\/emeca.fi\/wp-content\/uploads\/2020\/05\/cropped-Emeca_logo2_valkoisella_taustalla.jpg","contentUrl":"https:\/\/emeca.fi\/wp-content\/uploads\/2020\/05\/cropped-Emeca_logo2_valkoisella_taustalla.jpg","width":861,"height":204,"caption":"Emeca Oy"},"image":{"@id":"https:\/\/emeca.fi\/sv\/#\/schema\/logo\/image\/"}}]}},"_links":{"self":[{"href":"https:\/\/emeca.fi\/sv\/wp-json\/wp\/v2\/pages\/3973","targetHints":{"allow":["GET"]}}],"collection":[{"href":"https:\/\/emeca.fi\/sv\/wp-json\/wp\/v2\/pages"}],"about":[{"href":"https:\/\/emeca.fi\/sv\/wp-json\/wp\/v2\/types\/page"}],"author":[{"embeddable":true,"href":"https:\/\/emeca.fi\/sv\/wp-json\/wp\/v2\/users\/1"}],"replies":[{"embeddable":true,"href":"https:\/\/emeca.fi\/sv\/wp-json\/wp\/v2\/comments?post=3973"}],"version-history":[{"count":3,"href":"https:\/\/emeca.fi\/sv\/wp-json\/wp\/v2\/pages\/3973\/revisions"}],"predecessor-version":[{"id":6439,"href":"https:\/\/emeca.fi\/sv\/wp-json\/wp\/v2\/pages\/3973\/revisions\/6439"}],"wp:attachment":[{"href":"https:\/\/emeca.fi\/sv\/wp-json\/wp\/v2\/media?parent=3973"}],"curies":[{"name":"wp","href":"https:\/\/api.w.org\/{rel}","templated":true}]}}