{"id":3937,"date":"2020-06-03T12:07:53","date_gmt":"2020-06-03T09:07:53","guid":{"rendered":"https:\/\/emeca.fi\/foretag\/"},"modified":"2020-06-30T10:40:54","modified_gmt":"2020-06-30T07:40:54","slug":"foretag","status":"publish","type":"page","link":"https:\/\/emeca.fi\/sv\/foretag\/","title":{"rendered":"F\u00f6retag"},"content":{"rendered":"\t\t<div data-elementor-type=\"wp-post\" data-elementor-id=\"3937\" class=\"elementor elementor-3937 elementor-1572\">\n\t\t\t\t\t\t<section class=\"elementor-section elementor-top-section elementor-element elementor-element-rlgh7v6 elementor-section-height-min-height elementor-section-boxed elementor-section-height-default elementor-section-items-middle\" data-id=\"rlgh7v6\" data-element_type=\"section\" data-e-type=\"section\" data-settings=\"{&quot;background_background&quot;:&quot;slideshow&quot;,&quot;background_slideshow_gallery&quot;:[{&quot;id&quot;:1805,&quot;url&quot;:&quot;https:\\\/\\\/emeca.fi\\\/wp-content\\\/uploads\\\/2020\\\/05\\\/EMECA-pile-joint-1-2.jpg&quot;},{&quot;id&quot;:1798,&quot;url&quot;:&quot;https:\\\/\\\/emeca.fi\\\/wp-content\\\/uploads\\\/2020\\\/05\\\/EMECA-piles-2.jpg&quot;}],&quot;background_slideshow_slide_duration&quot;:7000,&quot;background_slideshow_transition_duration&quot;:700,&quot;background_slideshow_loop&quot;:&quot;yes&quot;,&quot;background_slideshow_slide_transition&quot;:&quot;fade&quot;}\">\n\t\t\t\t\t\t\t<div class=\"elementor-background-overlay\"><\/div>\n\t\t\t\t\t\t\t<div class=\"elementor-container elementor-column-gap-default\">\n\t\t\t\t\t<div class=\"elementor-column elementor-col-100 elementor-top-column elementor-element elementor-element-teyzpiw\" data-id=\"teyzpiw\" data-element_type=\"column\" data-e-type=\"column\">\n\t\t\t<div class=\"elementor-widget-wrap elementor-element-populated\">\n\t\t\t\t\t\t<div class=\"elementor-element elementor-element-9g3dbfz elementor-widget elementor-widget-heading\" data-id=\"9g3dbfz\" data-element_type=\"widget\" data-e-type=\"widget\" data-widget_type=\"heading.default\">\n\t\t\t\t<div class=\"elementor-widget-container\">\n\t\t\t\t\t<h1 class=\"elementor-heading-title elementor-size-default\">F\u00d6RETAG<\/h1>\t\t\t\t<\/div>\n\t\t\t\t<\/div>\n\t\t\t\t\t<\/div>\n\t\t<\/div>\n\t\t\t\t\t<\/div>\n\t\t<\/section>\n\t\t\t\t<section class=\"elementor-section elementor-top-section elementor-element elementor-element-rt0ifzd elementor-section-content-middle elementor-section-boxed elementor-section-height-default elementor-section-height-default\" data-id=\"rt0ifzd\" data-element_type=\"section\" data-e-type=\"section\">\n\t\t\t\t\t\t<div class=\"elementor-container elementor-column-gap-no\">\n\t\t\t\t\t<div class=\"elementor-column elementor-col-50 elementor-top-column elementor-element elementor-element-0cbm4xd\" data-id=\"0cbm4xd\" data-element_type=\"column\" data-e-type=\"column\">\n\t\t\t<div class=\"elementor-widget-wrap elementor-element-populated\">\n\t\t\t\t\t\t<div class=\"elementor-element elementor-element-lajf8ql elementor-widget elementor-widget-heading\" data-id=\"lajf8ql\" data-element_type=\"widget\" data-e-type=\"widget\" data-widget_type=\"heading.default\">\n\t\t\t\t<div class=\"elementor-widget-container\">\n\t\t\t\t\t<h3 class=\"elementor-heading-title elementor-size-default\">EMECA OY<\/h3>\t\t\t\t<\/div>\n\t\t\t\t<\/div>\n\t\t\t\t<div class=\"elementor-element elementor-element-d7cakya elementor-widget elementor-widget-text-editor\" data-id=\"d7cakya\" data-element_type=\"widget\" data-e-type=\"widget\" data-widget_type=\"text-editor.default\">\n\t\t\t\t<div class=\"elementor-widget-container\">\n\t\t\t\t\t\t\t\t\t<p>Emeca Oy \u00e4r ledande tillverkare och leverant\u00f6r av p\u00e5lningstillbeh\u00f6r i Finland. V\u00e5ra huvudprodukter \u00e4r p\u00e5lskarvar och bergskor. F\u00f6rutom inhemska marknader levererar vi dem och m\u00e5nga andra h\u00f6gklassiga produkter till flera europeiska l\u00e4nder och ocks\u00e5 utanf\u00f6r Europa.<\/p><p>F\u00f6rutom de h\u00f6gklassiga, h\u00e5llbara och m\u00e5ngsidiga produkterna, baserar sig Emecas utm\u00e4rkta konkurrenskraft p\u00e5 f\u00f6retagets aktiva produktutvecklingsverksamhet, den moderna produktionsanl\u00e4ggningen och in i den sista duktig arbetskraft. Leveranss\u00e4kerhet och effektivitet \u00e4r viktiga v\u00e4rden f\u00f6r oss. Vi g\u00f6r vad vi har lovat \u2013 och garanterat inom den tid som har kommits \u00f6verens. Vi \u00e4mnar vara f\u00f6reg\u00e5ngare inom branschen ocks\u00e5 i framtiden.<\/p><p>V\u00e5ra produkter s\u00e4kerst\u00e4ller att arbetet framskrider tryggt och kostnadseffektivt genom hela p\u00e5lningskedjan.<\/p><p>Emeca\/Spe USA, som \u00e4r verksamt i USA, svarar f\u00f6r produktion av v\u00e5ra produkter f\u00f6r den amerikanska marknaden.<\/p><p><span style=\"font-size: 16px;\">V\u00e5rt f\u00f6retag har av Dun &amp; Bradstreet Finland Oy f\u00e5tt den h\u00f6gsta m\u00f6jliga kreditv\u00e4rderingen AAA under \u00e5ren 2008-2020<\/span><\/p>\t\t\t\t\t\t\t\t<\/div>\n\t\t\t\t<\/div>\n\t\t\t\t<div class=\"elementor-element elementor-element-62646a6 elementor-widget elementor-widget-button\" data-id=\"62646a6\" data-element_type=\"widget\" data-e-type=\"widget\" data-widget_type=\"button.default\">\n\t\t\t\t<div class=\"elementor-widget-container\">\n\t\t\t\t\t\t\t\t\t<div class=\"elementor-button-wrapper\">\n\t\t\t\t\t<a class=\"elementor-button elementor-button-link elementor-size-sm elementor-animation-grow\" href=\"https:\/\/emeca.fi\/sv\/kontakt\/\">\n\t\t\t\t\t\t<span class=\"elementor-button-content-wrapper\">\n\t\t\t\t\t\t\t\t\t<span class=\"elementor-button-text\">KONTAKT<\/span>\n\t\t\t\t\t<\/span>\n\t\t\t\t\t<\/a>\n\t\t\t\t<\/div>\n\t\t\t\t\t\t\t\t<\/div>\n\t\t\t\t<\/div>\n\t\t\t\t<div class=\"elementor-element elementor-element-fc122c8 elementor-hidden-desktop elementor-widget elementor-widget-spacer\" data-id=\"fc122c8\" data-element_type=\"widget\" data-e-type=\"widget\" data-widget_type=\"spacer.default\">\n\t\t\t\t<div class=\"elementor-widget-container\">\n\t\t\t\t\t\t\t<div class=\"elementor-spacer\">\n\t\t\t<div class=\"elementor-spacer-inner\"><\/div>\n\t\t<\/div>\n\t\t\t\t\t\t<\/div>\n\t\t\t\t<\/div>\n\t\t\t\t\t<\/div>\n\t\t<\/div>\n\t\t\t\t<div class=\"elementor-column elementor-col-50 elementor-top-column elementor-element elementor-element-a744974\" data-id=\"a744974\" data-element_type=\"column\" data-e-type=\"column\">\n\t\t\t<div class=\"elementor-widget-wrap elementor-element-populated\">\n\t\t\t\t\t\t<div class=\"elementor-element elementor-element-212dfc5 elementor-widget elementor-widget-image\" data-id=\"212dfc5\" data-element_type=\"widget\" data-e-type=\"widget\" data-widget_type=\"image.default\">\n\t\t\t\t<div class=\"elementor-widget-container\">\n\t\t\t\t\t\t\t\t\t\t\t\t\t\t\t<img fetchpriority=\"high\" decoding=\"async\" width=\"897\" height=\"1200\" src=\"https:\/\/emeca.fi\/wp-content\/uploads\/2020\/06\/Emeca-quality-rockpoint-1-e1591680413133.jpg\" class=\"attachment-full size-full wp-image-5097\" alt=\"\" \/>\t\t\t\t\t\t\t\t\t\t\t\t\t\t\t<\/div>\n\t\t\t\t<\/div>\n\t\t\t\t<div class=\"elementor-element elementor-element-58bec95 elementor-hidden-phone elementor-widget elementor-widget-spacer\" data-id=\"58bec95\" data-element_type=\"widget\" data-e-type=\"widget\" data-widget_type=\"spacer.default\">\n\t\t\t\t<div class=\"elementor-widget-container\">\n\t\t\t\t\t\t\t<div class=\"elementor-spacer\">\n\t\t\t<div class=\"elementor-spacer-inner\"><\/div>\n\t\t<\/div>\n\t\t\t\t\t\t<\/div>\n\t\t\t\t<\/div>\n\t\t\t\t\t<\/div>\n\t\t<\/div>\n\t\t\t\t\t<\/div>\n\t\t<\/section>\n\t\t\t\t<\/div>\n\t\t","protected":false},"excerpt":{"rendered":"<p>F\u00d6RETAG EMECA OY Emeca Oy \u00e4r ledande tillverkare och leverant\u00f6r av p\u00e5lningstillbeh\u00f6r i Finland. V\u00e5ra huvudprodukter \u00e4r p\u00e5lskarvar och bergskor. F\u00f6rutom inhemska marknader levererar vi dem och m\u00e5nga andra h\u00f6gklassiga produkter till flera europeiska l\u00e4nder och ocks\u00e5 utanf\u00f6r Europa. F\u00f6rutom de h\u00f6gklassiga, h\u00e5llbara och m\u00e5ngsidiga produkterna, baserar sig Emecas utm\u00e4rkta konkurrenskraft p\u00e5 f\u00f6retagets aktiva produktutvecklingsverksamhet, [&hellip;]<\/p>\n","protected":false},"author":1,"featured_media":0,"parent":0,"menu_order":0,"comment_status":"closed","ping_status":"closed","template":"elementor_header_footer","meta":{"site-sidebar-layout":"no-sidebar","site-content-layout":"page-builder","ast-site-content-layout":"default","site-content-style":"default","site-sidebar-style":"default","ast-global-header-display":"","ast-banner-title-visibility":"","ast-main-header-display":"","ast-hfb-above-header-display":"","ast-hfb-below-header-display":"","ast-hfb-mobile-header-display":"","site-post-title":"disabled","ast-breadcrumbs-content":"","ast-featured-img":"disabled","footer-sml-layout":"","ast-disable-related-posts":"","theme-transparent-header-meta":"default","adv-header-id-meta":"","stick-header-meta":"","header-above-stick-meta":"","header-main-stick-meta":"","header-below-stick-meta":"","astra-migrate-meta-layouts":"default","ast-page-background-enabled":"default","ast-page-background-meta":{"desktop":{"background-color":"","background-image":"","background-repeat":"repeat","background-position":"center center","background-size":"auto","background-attachment":"scroll","background-type":"","background-media":"","overlay-type":"","overlay-color":"","overlay-opacity":"","overlay-gradient":""},"tablet":{"background-color":"","background-image":"","background-repeat":"repeat","background-position":"center center","background-size":"auto","background-attachment":"scroll","background-type":"","background-media":"","overlay-type":"","overlay-color":"","overlay-opacity":"","overlay-gradient":""},"mobile":{"background-color":"","background-image":"","background-repeat":"repeat","background-position":"center center","background-size":"auto","background-attachment":"scroll","background-type":"","background-media":"","overlay-type":"","overlay-color":"","overlay-opacity":"","overlay-gradient":""}},"ast-content-background-meta":{"desktop":{"background-color":"var(--ast-global-color-5)","background-image":"","background-repeat":"repeat","background-position":"center center","background-size":"auto","background-attachment":"scroll","background-type":"","background-media":"","overlay-type":"","overlay-color":"","overlay-opacity":"","overlay-gradient":""},"tablet":{"background-color":"var(--ast-global-color-5)","background-image":"","background-repeat":"repeat","background-position":"center center","background-size":"auto","background-attachment":"scroll","background-type":"","background-media":"","overlay-type":"","overlay-color":"","overlay-opacity":"","overlay-gradient":""},"mobile":{"background-color":"var(--ast-global-color-5)","background-image":"","background-repeat":"repeat","background-position":"center center","background-size":"auto","background-attachment":"scroll","background-type":"","background-media":"","overlay-type":"","overlay-color":"","overlay-opacity":"","overlay-gradient":""}},"footnotes":""},"class_list":["post-3937","page","type-page","status-publish","hentry"],"yoast_head":"<!-- This site is optimized with the Yoast SEO plugin v27.4 - https:\/\/yoast.com\/product\/yoast-seo-wordpress\/ -->\n<title>F\u00f6retag - Emeca Oy<\/title>\n<meta name=\"description\" content=\"F\u00f6rutom de h\u00f6gklassiga, h\u00e5llbara och m\u00e5ngsidiga produkterna, baserar sig Emecas utm\u00e4rkta konkurrenskraft p\u00e5 f\u00f6retagets aktiva produktutvecklingsverksamhet, den moderna produktionsanl\u00e4ggningen och in i den sista duktig arbetskraft.\" \/>\n<meta name=\"robots\" content=\"index, follow, max-snippet:-1, max-image-preview:large, max-video-preview:-1\" \/>\n<link rel=\"canonical\" href=\"https:\/\/emeca.fi\/sv\/foretag\/\" \/>\n<meta property=\"og:locale\" content=\"sv_SE\" \/>\n<meta property=\"og:type\" content=\"article\" \/>\n<meta property=\"og:title\" content=\"F\u00f6retag - Emeca Oy\" \/>\n<meta property=\"og:description\" content=\"F\u00f6rutom de h\u00f6gklassiga, h\u00e5llbara och m\u00e5ngsidiga produkterna, baserar sig Emecas utm\u00e4rkta konkurrenskraft p\u00e5 f\u00f6retagets aktiva produktutvecklingsverksamhet, den moderna produktionsanl\u00e4ggningen och in i den sista duktig arbetskraft.\" \/>\n<meta property=\"og:url\" content=\"https:\/\/emeca.fi\/sv\/foretag\/\" \/>\n<meta property=\"og:site_name\" content=\"Emeca Oy\" \/>\n<meta property=\"article:modified_time\" content=\"2020-06-30T07:40:54+00:00\" \/>\n<meta property=\"og:image\" content=\"https:\/\/emeca.fi\/wp-content\/uploads\/2020\/06\/Emeca-quality-rockpoint-1-e1591680413133.jpg\" \/>\n<meta name=\"twitter:card\" content=\"summary_large_image\" \/>\n<meta name=\"twitter:label1\" content=\"Ber\u00e4knad l\u00e4stid\" \/>\n\t<meta name=\"twitter:data1\" content=\"1 minut\" \/>\n<script type=\"application\/ld+json\" class=\"yoast-schema-graph\">{\"@context\":\"https:\\\/\\\/schema.org\",\"@graph\":[{\"@type\":\"WebPage\",\"@id\":\"https:\\\/\\\/emeca.fi\\\/sv\\\/foretag\\\/\",\"url\":\"https:\\\/\\\/emeca.fi\\\/sv\\\/foretag\\\/\",\"name\":\"F\u00f6retag - Emeca Oy\",\"isPartOf\":{\"@id\":\"https:\\\/\\\/emeca.fi\\\/sv\\\/#website\"},\"primaryImageOfPage\":{\"@id\":\"https:\\\/\\\/emeca.fi\\\/sv\\\/foretag\\\/#primaryimage\"},\"image\":{\"@id\":\"https:\\\/\\\/emeca.fi\\\/sv\\\/foretag\\\/#primaryimage\"},\"thumbnailUrl\":\"https:\\\/\\\/emeca.fi\\\/wp-content\\\/uploads\\\/2020\\\/06\\\/Emeca-quality-rockpoint-1-e1591680413133.jpg\",\"datePublished\":\"2020-06-03T09:07:53+00:00\",\"dateModified\":\"2020-06-30T07:40:54+00:00\",\"description\":\"F\u00f6rutom de h\u00f6gklassiga, h\u00e5llbara och m\u00e5ngsidiga produkterna, baserar sig Emecas utm\u00e4rkta konkurrenskraft p\u00e5 f\u00f6retagets aktiva produktutvecklingsverksamhet, den moderna produktionsanl\u00e4ggningen och in i den sista duktig arbetskraft.\",\"breadcrumb\":{\"@id\":\"https:\\\/\\\/emeca.fi\\\/sv\\\/foretag\\\/#breadcrumb\"},\"inLanguage\":\"sv-SE\",\"potentialAction\":[{\"@type\":\"ReadAction\",\"target\":[\"https:\\\/\\\/emeca.fi\\\/sv\\\/foretag\\\/\"]}]},{\"@type\":\"ImageObject\",\"inLanguage\":\"sv-SE\",\"@id\":\"https:\\\/\\\/emeca.fi\\\/sv\\\/foretag\\\/#primaryimage\",\"url\":\"https:\\\/\\\/emeca.fi\\\/wp-content\\\/uploads\\\/2020\\\/06\\\/Emeca-quality-rockpoint-1-e1591680413133.jpg\",\"contentUrl\":\"https:\\\/\\\/emeca.fi\\\/wp-content\\\/uploads\\\/2020\\\/06\\\/Emeca-quality-rockpoint-1-e1591680413133.jpg\"},{\"@type\":\"BreadcrumbList\",\"@id\":\"https:\\\/\\\/emeca.fi\\\/sv\\\/foretag\\\/#breadcrumb\",\"itemListElement\":[{\"@type\":\"ListItem\",\"position\":1,\"name\":\"Home\",\"item\":\"https:\\\/\\\/emeca.fi\\\/sv\\\/\"},{\"@type\":\"ListItem\",\"position\":2,\"name\":\"F\u00f6retag\"}]},{\"@type\":\"WebSite\",\"@id\":\"https:\\\/\\\/emeca.fi\\\/sv\\\/#website\",\"url\":\"https:\\\/\\\/emeca.fi\\\/sv\\\/\",\"name\":\"Emeca Oy\",\"description\":\"World&#039;s finest piling components\",\"publisher\":{\"@id\":\"https:\\\/\\\/emeca.fi\\\/sv\\\/#organization\"},\"potentialAction\":[{\"@type\":\"SearchAction\",\"target\":{\"@type\":\"EntryPoint\",\"urlTemplate\":\"https:\\\/\\\/emeca.fi\\\/sv\\\/?s={search_term_string}\"},\"query-input\":{\"@type\":\"PropertyValueSpecification\",\"valueRequired\":true,\"valueName\":\"search_term_string\"}}],\"inLanguage\":\"sv-SE\"},{\"@type\":\"Organization\",\"@id\":\"https:\\\/\\\/emeca.fi\\\/sv\\\/#organization\",\"name\":\"Emeca Oy\",\"url\":\"https:\\\/\\\/emeca.fi\\\/sv\\\/\",\"logo\":{\"@type\":\"ImageObject\",\"inLanguage\":\"sv-SE\",\"@id\":\"https:\\\/\\\/emeca.fi\\\/sv\\\/#\\\/schema\\\/logo\\\/image\\\/\",\"url\":\"https:\\\/\\\/emeca.fi\\\/wp-content\\\/uploads\\\/2020\\\/05\\\/cropped-Emeca_logo2_valkoisella_taustalla.jpg\",\"contentUrl\":\"https:\\\/\\\/emeca.fi\\\/wp-content\\\/uploads\\\/2020\\\/05\\\/cropped-Emeca_logo2_valkoisella_taustalla.jpg\",\"width\":861,\"height\":204,\"caption\":\"Emeca Oy\"},\"image\":{\"@id\":\"https:\\\/\\\/emeca.fi\\\/sv\\\/#\\\/schema\\\/logo\\\/image\\\/\"}}]}<\/script>\n<!-- \/ Yoast SEO plugin. -->","yoast_head_json":{"title":"F\u00f6retag - Emeca Oy","description":"F\u00f6rutom de h\u00f6gklassiga, h\u00e5llbara och m\u00e5ngsidiga produkterna, baserar sig Emecas utm\u00e4rkta konkurrenskraft p\u00e5 f\u00f6retagets aktiva produktutvecklingsverksamhet, den moderna produktionsanl\u00e4ggningen och in i den sista duktig arbetskraft.","robots":{"index":"index","follow":"follow","max-snippet":"max-snippet:-1","max-image-preview":"max-image-preview:large","max-video-preview":"max-video-preview:-1"},"canonical":"https:\/\/emeca.fi\/sv\/foretag\/","og_locale":"sv_SE","og_type":"article","og_title":"F\u00f6retag - Emeca Oy","og_description":"F\u00f6rutom de h\u00f6gklassiga, h\u00e5llbara och m\u00e5ngsidiga produkterna, baserar sig Emecas utm\u00e4rkta konkurrenskraft p\u00e5 f\u00f6retagets aktiva produktutvecklingsverksamhet, den moderna produktionsanl\u00e4ggningen och in i den sista duktig arbetskraft.","og_url":"https:\/\/emeca.fi\/sv\/foretag\/","og_site_name":"Emeca Oy","article_modified_time":"2020-06-30T07:40:54+00:00","og_image":[{"url":"https:\/\/emeca.fi\/wp-content\/uploads\/2020\/06\/Emeca-quality-rockpoint-1-e1591680413133.jpg","type":"","width":"","height":""}],"twitter_card":"summary_large_image","twitter_misc":{"Ber\u00e4knad l\u00e4stid":"1 minut"},"schema":{"@context":"https:\/\/schema.org","@graph":[{"@type":"WebPage","@id":"https:\/\/emeca.fi\/sv\/foretag\/","url":"https:\/\/emeca.fi\/sv\/foretag\/","name":"F\u00f6retag - Emeca Oy","isPartOf":{"@id":"https:\/\/emeca.fi\/sv\/#website"},"primaryImageOfPage":{"@id":"https:\/\/emeca.fi\/sv\/foretag\/#primaryimage"},"image":{"@id":"https:\/\/emeca.fi\/sv\/foretag\/#primaryimage"},"thumbnailUrl":"https:\/\/emeca.fi\/wp-content\/uploads\/2020\/06\/Emeca-quality-rockpoint-1-e1591680413133.jpg","datePublished":"2020-06-03T09:07:53+00:00","dateModified":"2020-06-30T07:40:54+00:00","description":"F\u00f6rutom de h\u00f6gklassiga, h\u00e5llbara och m\u00e5ngsidiga produkterna, baserar sig Emecas utm\u00e4rkta konkurrenskraft p\u00e5 f\u00f6retagets aktiva produktutvecklingsverksamhet, den moderna produktionsanl\u00e4ggningen och in i den sista duktig arbetskraft.","breadcrumb":{"@id":"https:\/\/emeca.fi\/sv\/foretag\/#breadcrumb"},"inLanguage":"sv-SE","potentialAction":[{"@type":"ReadAction","target":["https:\/\/emeca.fi\/sv\/foretag\/"]}]},{"@type":"ImageObject","inLanguage":"sv-SE","@id":"https:\/\/emeca.fi\/sv\/foretag\/#primaryimage","url":"https:\/\/emeca.fi\/wp-content\/uploads\/2020\/06\/Emeca-quality-rockpoint-1-e1591680413133.jpg","contentUrl":"https:\/\/emeca.fi\/wp-content\/uploads\/2020\/06\/Emeca-quality-rockpoint-1-e1591680413133.jpg"},{"@type":"BreadcrumbList","@id":"https:\/\/emeca.fi\/sv\/foretag\/#breadcrumb","itemListElement":[{"@type":"ListItem","position":1,"name":"Home","item":"https:\/\/emeca.fi\/sv\/"},{"@type":"ListItem","position":2,"name":"F\u00f6retag"}]},{"@type":"WebSite","@id":"https:\/\/emeca.fi\/sv\/#website","url":"https:\/\/emeca.fi\/sv\/","name":"Emeca Oy","description":"World&#039;s finest piling components","publisher":{"@id":"https:\/\/emeca.fi\/sv\/#organization"},"potentialAction":[{"@type":"SearchAction","target":{"@type":"EntryPoint","urlTemplate":"https:\/\/emeca.fi\/sv\/?s={search_term_string}"},"query-input":{"@type":"PropertyValueSpecification","valueRequired":true,"valueName":"search_term_string"}}],"inLanguage":"sv-SE"},{"@type":"Organization","@id":"https:\/\/emeca.fi\/sv\/#organization","name":"Emeca Oy","url":"https:\/\/emeca.fi\/sv\/","logo":{"@type":"ImageObject","inLanguage":"sv-SE","@id":"https:\/\/emeca.fi\/sv\/#\/schema\/logo\/image\/","url":"https:\/\/emeca.fi\/wp-content\/uploads\/2020\/05\/cropped-Emeca_logo2_valkoisella_taustalla.jpg","contentUrl":"https:\/\/emeca.fi\/wp-content\/uploads\/2020\/05\/cropped-Emeca_logo2_valkoisella_taustalla.jpg","width":861,"height":204,"caption":"Emeca Oy"},"image":{"@id":"https:\/\/emeca.fi\/sv\/#\/schema\/logo\/image\/"}}]}},"_links":{"self":[{"href":"https:\/\/emeca.fi\/sv\/wp-json\/wp\/v2\/pages\/3937","targetHints":{"allow":["GET"]}}],"collection":[{"href":"https:\/\/emeca.fi\/sv\/wp-json\/wp\/v2\/pages"}],"about":[{"href":"https:\/\/emeca.fi\/sv\/wp-json\/wp\/v2\/types\/page"}],"author":[{"embeddable":true,"href":"https:\/\/emeca.fi\/sv\/wp-json\/wp\/v2\/users\/1"}],"replies":[{"embeddable":true,"href":"https:\/\/emeca.fi\/sv\/wp-json\/wp\/v2\/comments?post=3937"}],"version-history":[{"count":3,"href":"https:\/\/emeca.fi\/sv\/wp-json\/wp\/v2\/pages\/3937\/revisions"}],"predecessor-version":[{"id":6713,"href":"https:\/\/emeca.fi\/sv\/wp-json\/wp\/v2\/pages\/3937\/revisions\/6713"}],"wp:attachment":[{"href":"https:\/\/emeca.fi\/sv\/wp-json\/wp\/v2\/media?parent=3937"}],"curies":[{"name":"wp","href":"https:\/\/api.w.org\/{rel}","templated":true}]}}