{"id":7247,"date":"2020-07-03T10:12:18","date_gmt":"2020-07-03T07:12:18","guid":{"rendered":"https:\/\/emeca.fi\/ingenieria\/"},"modified":"2020-07-03T12:52:54","modified_gmt":"2020-07-03T09:52:54","slug":"ingenieria","status":"publish","type":"page","link":"https:\/\/emeca.fi\/es\/ingenieria\/","title":{"rendered":"Ingenieria"},"content":{"rendered":"\t\t<div data-elementor-type=\"wp-post\" data-elementor-id=\"7247\" class=\"elementor elementor-7247 elementor-74\">\n\t\t\t\t\t\t<section class=\"elementor-section elementor-top-section elementor-element elementor-element-c69e62c elementor-section-height-min-height elementor-section-boxed elementor-section-height-default elementor-section-items-middle\" data-id=\"c69e62c\" data-element_type=\"section\" data-e-type=\"section\" data-settings=\"{&quot;background_background&quot;:&quot;slideshow&quot;,&quot;background_slideshow_gallery&quot;:[{&quot;id&quot;:1798,&quot;url&quot;:&quot;https:\\\/\\\/emeca.fi\\\/wp-content\\\/uploads\\\/2020\\\/05\\\/EMECA-piles-2.jpg&quot;},{&quot;id&quot;:1805,&quot;url&quot;:&quot;https:\\\/\\\/emeca.fi\\\/wp-content\\\/uploads\\\/2020\\\/05\\\/EMECA-pile-joint-1-2.jpg&quot;}],&quot;background_slideshow_slide_duration&quot;:7000,&quot;background_slideshow_transition_duration&quot;:700,&quot;background_slideshow_loop&quot;:&quot;yes&quot;,&quot;background_slideshow_slide_transition&quot;:&quot;fade&quot;}\">\n\t\t\t\t\t\t\t<div class=\"elementor-background-overlay\"><\/div>\n\t\t\t\t\t\t\t<div class=\"elementor-container elementor-column-gap-default\">\n\t\t\t\t\t<div class=\"elementor-column elementor-col-100 elementor-top-column elementor-element elementor-element-790d5ad\" data-id=\"790d5ad\" data-element_type=\"column\" data-e-type=\"column\">\n\t\t\t<div class=\"elementor-widget-wrap elementor-element-populated\">\n\t\t\t\t\t\t<div class=\"elementor-element elementor-element-4dc22de elementor-widget elementor-widget-heading\" data-id=\"4dc22de\" data-element_type=\"widget\" data-e-type=\"widget\" data-widget_type=\"heading.default\">\n\t\t\t\t<div class=\"elementor-widget-container\">\n\t\t\t\t\t<h1 class=\"elementor-heading-title elementor-size-default\">INGENIERIA<\/h1>\t\t\t\t<\/div>\n\t\t\t\t<\/div>\n\t\t\t\t\t<\/div>\n\t\t<\/div>\n\t\t\t\t\t<\/div>\n\t\t<\/section>\n\t\t\t\t<section class=\"elementor-section elementor-top-section elementor-element elementor-element-7a853630 elementor-section-content-middle elementor-section-boxed elementor-section-height-default elementor-section-height-default\" data-id=\"7a853630\" data-element_type=\"section\" data-e-type=\"section\">\n\t\t\t\t\t\t<div class=\"elementor-container elementor-column-gap-default\">\n\t\t\t\t\t<div class=\"elementor-column elementor-col-100 elementor-top-column elementor-element elementor-element-3073bab8\" data-id=\"3073bab8\" data-element_type=\"column\" data-e-type=\"column\">\n\t\t\t<div class=\"elementor-widget-wrap elementor-element-populated\">\n\t\t\t\t\t\t<div class=\"elementor-element elementor-element-ed32d82 elementor-widget elementor-widget-heading\" data-id=\"ed32d82\" data-element_type=\"widget\" data-e-type=\"widget\" data-widget_type=\"heading.default\">\n\t\t\t\t<div class=\"elementor-widget-container\">\n\t\t\t\t\t<h3 class=\"elementor-heading-title elementor-size-default\">DISE\u00d1O Y SOPORTE T\u00c9CNICO<\/h3>\t\t\t\t<\/div>\n\t\t\t\t<\/div>\n\t\t\t\t<div class=\"elementor-element elementor-element-cb8a75c elementor-widget elementor-widget-text-editor\" data-id=\"cb8a75c\" data-element_type=\"widget\" data-e-type=\"widget\" data-widget_type=\"text-editor.default\">\n\t\t\t\t<div class=\"elementor-widget-container\">\n\t\t\t\t\t\t\t\t\t<p>Adem\u00e1s de la fabricaci\u00f3n, ofrecemos a nuestros clientes cooperaci\u00f3n en el campo de la planificaci\u00f3n y soporte t\u00e9cnico. Durante a\u00f1os, junto con nuestros clientes hemos estado realizando innovaciones significativas tanto en los productos como en el proceso de fabricaci\u00f3n. Realizamos, sin escatimar de ninguna manera I+D continua y activa en estrecha cooperaci\u00f3n con nuestros clientes. Nuestro soporte t\u00e9cnico prestado tambi\u00e9n est\u00e1 disponible para nuestros clientes en todo momento.<\/p><h5 class=\"elementor-heading-title elementor-size-default elementor-inline-editing pen\" style=\"font-style: normal; line-height: 1.2;\" data-elementor-setting-key=\"title\" data-pen-placeholder=\"Kirjoita t\u00e4h\u00e4n...\">&#8211; Petri Koivunen, Emeca Oy<\/h5>\t\t\t\t\t\t\t\t<\/div>\n\t\t\t\t<\/div>\n\t\t\t\t<div class=\"elementor-element elementor-element-2aa8e0a elementor-widget-divider--view-line elementor-widget elementor-widget-divider\" data-id=\"2aa8e0a\" data-element_type=\"widget\" data-e-type=\"widget\" data-widget_type=\"divider.default\">\n\t\t\t\t<div class=\"elementor-widget-container\">\n\t\t\t\t\t\t\t<div class=\"elementor-divider\">\n\t\t\t<span class=\"elementor-divider-separator\">\n\t\t\t\t\t\t<\/span>\n\t\t<\/div>\n\t\t\t\t\t\t<\/div>\n\t\t\t\t<\/div>\n\t\t\t\t<div class=\"elementor-element elementor-element-ce0ac51 elementor-widget elementor-widget-spacer\" data-id=\"ce0ac51\" data-element_type=\"widget\" data-e-type=\"widget\" data-widget_type=\"spacer.default\">\n\t\t\t\t<div class=\"elementor-widget-container\">\n\t\t\t\t\t\t\t<div class=\"elementor-spacer\">\n\t\t\t<div class=\"elementor-spacer-inner\"><\/div>\n\t\t<\/div>\n\t\t\t\t\t\t<\/div>\n\t\t\t\t<\/div>\n\t\t\t\t<div class=\"elementor-element elementor-element-30fd4d4 elementor-widget elementor-widget-heading\" data-id=\"30fd4d4\" data-element_type=\"widget\" data-e-type=\"widget\" data-widget_type=\"heading.default\">\n\t\t\t\t<div class=\"elementor-widget-container\">\n\t\t\t\t\t<h3 class=\"elementor-heading-title elementor-size-default\">DISE\u00d1O ADAPTABLE A SUS NECESIDADES<\/h3>\t\t\t\t<\/div>\n\t\t\t\t<\/div>\n\t\t\t\t<div class=\"elementor-element elementor-element-70361a6 elementor-widget elementor-widget-text-editor\" data-id=\"70361a6\" data-element_type=\"widget\" data-e-type=\"widget\" data-widget_type=\"text-editor.default\">\n\t\t\t\t<div class=\"elementor-widget-container\">\n\t\t\t\t\t\t\t\t\t<p>Una de las \u00e1reas de clara excelencia de Emeca es la capacidad y la voluntad de adaptarse a los retos a los que se enfrenta el cliente. Adem\u00e1s de productos de tama\u00f1o est\u00e1ndar, Emeca tambi\u00e9n dise\u00f1a y fabrica productos que se adaptan en detalle a las necesidades de los clientes. Durante a\u00f1os Emeca ha fabricado de manera competente los productos m\u00e1s vers\u00e1tiles para muchas necesidades especiales, tanto en grandes lotes como peque\u00f1os. Las dimensiones y componentes de los productos de tama\u00f1o est\u00e1ndar de Emeca se pueden adaptar para satisfacer las necesidades del cliente. Adem\u00e1s, Emeca tiene la capacidad de planificar y fabricar tipos totalmente nuevos de productos basados en los datos iniciales presentados por el cliente, en cooperaci\u00f3n con el cliente.<\/p>\n\t\t\t\t\t\t\t\t<\/div>\n\t\t\t\t<\/div>\n\t\t\t\t<div class=\"elementor-element elementor-element-54524a4 elementor-widget elementor-widget-button\" data-id=\"54524a4\" data-element_type=\"widget\" data-e-type=\"widget\" data-widget_type=\"button.default\">\n\t\t\t\t<div class=\"elementor-widget-container\">\n\t\t\t\t\t\t\t\t\t<div class=\"elementor-button-wrapper\">\n\t\t\t\t\t<a class=\"elementor-button elementor-button-link elementor-size-sm elementor-animation-grow\" href=\"https:\/\/emeca.fi\/es\/contactenos\/\">\n\t\t\t\t\t\t<span class=\"elementor-button-content-wrapper\">\n\t\t\t\t\t\t\t\t\t<span class=\"elementor-button-text\">CONTACTENOS<\/span>\n\t\t\t\t\t<\/span>\n\t\t\t\t\t<\/a>\n\t\t\t\t<\/div>\n\t\t\t\t\t\t\t\t<\/div>\n\t\t\t\t<\/div>\n\t\t\t\t<div class=\"elementor-element elementor-element-ca40062 elementor-widget elementor-widget-spacer\" data-id=\"ca40062\" data-element_type=\"widget\" data-e-type=\"widget\" data-widget_type=\"spacer.default\">\n\t\t\t\t<div class=\"elementor-widget-container\">\n\t\t\t\t\t\t\t<div class=\"elementor-spacer\">\n\t\t\t<div class=\"elementor-spacer-inner\"><\/div>\n\t\t<\/div>\n\t\t\t\t\t\t<\/div>\n\t\t\t\t<\/div>\n\t\t\t\t\t<\/div>\n\t\t<\/div>\n\t\t\t\t\t<\/div>\n\t\t<\/section>\n\t\t\t\t<\/div>\n\t\t","protected":false},"excerpt":{"rendered":"<p>INGENIERIA DISE\u00d1O Y SOPORTE T\u00c9CNICO Adem\u00e1s de la fabricaci\u00f3n, ofrecemos a nuestros clientes cooperaci\u00f3n en el campo de la planificaci\u00f3n y soporte t\u00e9cnico. Durante a\u00f1os, junto con nuestros clientes hemos estado realizando innovaciones significativas tanto en los productos como en el proceso de fabricaci\u00f3n. Realizamos, sin escatimar de ninguna manera I+D continua y activa en [&hellip;]<\/p>\n","protected":false},"author":1,"featured_media":0,"parent":0,"menu_order":0,"comment_status":"closed","ping_status":"closed","template":"elementor_header_footer","meta":{"site-sidebar-layout":"no-sidebar","site-content-layout":"page-builder","ast-site-content-layout":"default","site-content-style":"default","site-sidebar-style":"default","ast-global-header-display":"","ast-banner-title-visibility":"","ast-main-header-display":"","ast-hfb-above-header-display":"","ast-hfb-below-header-display":"","ast-hfb-mobile-header-display":"","site-post-title":"disabled","ast-breadcrumbs-content":"","ast-featured-img":"disabled","footer-sml-layout":"","ast-disable-related-posts":"","theme-transparent-header-meta":"default","adv-header-id-meta":"","stick-header-meta":"","header-above-stick-meta":"","header-main-stick-meta":"","header-below-stick-meta":"","astra-migrate-meta-layouts":"default","ast-page-background-enabled":"default","ast-page-background-meta":{"desktop":{"background-color":"","background-image":"","background-repeat":"repeat","background-position":"center center","background-size":"auto","background-attachment":"scroll","background-type":"","background-media":"","overlay-type":"","overlay-color":"","overlay-opacity":"","overlay-gradient":""},"tablet":{"background-color":"","background-image":"","background-repeat":"repeat","background-position":"center center","background-size":"auto","background-attachment":"scroll","background-type":"","background-media":"","overlay-type":"","overlay-color":"","overlay-opacity":"","overlay-gradient":""},"mobile":{"background-color":"","background-image":"","background-repeat":"repeat","background-position":"center center","background-size":"auto","background-attachment":"scroll","background-type":"","background-media":"","overlay-type":"","overlay-color":"","overlay-opacity":"","overlay-gradient":""}},"ast-content-background-meta":{"desktop":{"background-color":"var(--ast-global-color-5)","background-image":"","background-repeat":"repeat","background-position":"center center","background-size":"auto","background-attachment":"scroll","background-type":"","background-media":"","overlay-type":"","overlay-color":"","overlay-opacity":"","overlay-gradient":""},"tablet":{"background-color":"var(--ast-global-color-5)","background-image":"","background-repeat":"repeat","background-position":"center center","background-size":"auto","background-attachment":"scroll","background-type":"","background-media":"","overlay-type":"","overlay-color":"","overlay-opacity":"","overlay-gradient":""},"mobile":{"background-color":"var(--ast-global-color-5)","background-image":"","background-repeat":"repeat","background-position":"center center","background-size":"auto","background-attachment":"scroll","background-type":"","background-media":"","overlay-type":"","overlay-color":"","overlay-opacity":"","overlay-gradient":""}},"footnotes":""},"class_list":["post-7247","page","type-page","status-publish","hentry"],"yoast_head":"<!-- This site is optimized with the Yoast SEO plugin v27.6 - https:\/\/yoast.com\/product\/yoast-seo-wordpress\/ -->\n<title>Ingenieria - Emeca Oy<\/title>\n<meta name=\"description\" content=\"Adem\u00e1s de la fabricaci\u00f3n, ofrecemos a nuestros clientes cooperaci\u00f3n en el campo de la planificaci\u00f3n y soporte t\u00e9cnico.\" \/>\n<meta name=\"robots\" content=\"index, follow, max-snippet:-1, max-image-preview:large, max-video-preview:-1\" \/>\n<link rel=\"canonical\" href=\"https:\/\/emeca.fi\/es\/ingenieria\/\" \/>\n<meta property=\"og:locale\" content=\"es_ES\" \/>\n<meta property=\"og:type\" content=\"article\" \/>\n<meta property=\"og:title\" content=\"Ingenieria - Emeca Oy\" \/>\n<meta property=\"og:description\" content=\"Adem\u00e1s de la fabricaci\u00f3n, ofrecemos a nuestros clientes cooperaci\u00f3n en el campo de la planificaci\u00f3n y soporte t\u00e9cnico.\" \/>\n<meta property=\"og:url\" content=\"https:\/\/emeca.fi\/es\/ingenieria\/\" \/>\n<meta property=\"og:site_name\" content=\"Emeca Oy\" \/>\n<meta property=\"article:modified_time\" content=\"2020-07-03T09:52:54+00:00\" \/>\n<meta name=\"twitter:card\" content=\"summary_large_image\" \/>\n<meta name=\"twitter:label1\" content=\"Tiempo de lectura\" \/>\n\t<meta name=\"twitter:data1\" content=\"1 minuto\" \/>\n<script type=\"application\/ld+json\" class=\"yoast-schema-graph\">{\"@context\":\"https:\\\/\\\/schema.org\",\"@graph\":[{\"@type\":\"WebPage\",\"@id\":\"https:\\\/\\\/emeca.fi\\\/es\\\/ingenieria\\\/\",\"url\":\"https:\\\/\\\/emeca.fi\\\/es\\\/ingenieria\\\/\",\"name\":\"Ingenieria - Emeca Oy\",\"isPartOf\":{\"@id\":\"https:\\\/\\\/emeca.fi\\\/es\\\/#website\"},\"datePublished\":\"2020-07-03T07:12:18+00:00\",\"dateModified\":\"2020-07-03T09:52:54+00:00\",\"description\":\"Adem\u00e1s de la fabricaci\u00f3n, ofrecemos a nuestros clientes cooperaci\u00f3n en el campo de la planificaci\u00f3n y soporte t\u00e9cnico.\",\"breadcrumb\":{\"@id\":\"https:\\\/\\\/emeca.fi\\\/es\\\/ingenieria\\\/#breadcrumb\"},\"inLanguage\":\"es\",\"potentialAction\":[{\"@type\":\"ReadAction\",\"target\":[\"https:\\\/\\\/emeca.fi\\\/es\\\/ingenieria\\\/\"]}]},{\"@type\":\"BreadcrumbList\",\"@id\":\"https:\\\/\\\/emeca.fi\\\/es\\\/ingenieria\\\/#breadcrumb\",\"itemListElement\":[{\"@type\":\"ListItem\",\"position\":1,\"name\":\"Home\",\"item\":\"https:\\\/\\\/emeca.fi\\\/es\\\/\"},{\"@type\":\"ListItem\",\"position\":2,\"name\":\"Ingenieria\"}]},{\"@type\":\"WebSite\",\"@id\":\"https:\\\/\\\/emeca.fi\\\/es\\\/#website\",\"url\":\"https:\\\/\\\/emeca.fi\\\/es\\\/\",\"name\":\"Emeca Oy\",\"description\":\"World&#039;s finest piling components\",\"publisher\":{\"@id\":\"https:\\\/\\\/emeca.fi\\\/es\\\/#organization\"},\"potentialAction\":[{\"@type\":\"SearchAction\",\"target\":{\"@type\":\"EntryPoint\",\"urlTemplate\":\"https:\\\/\\\/emeca.fi\\\/es\\\/?s={search_term_string}\"},\"query-input\":{\"@type\":\"PropertyValueSpecification\",\"valueRequired\":true,\"valueName\":\"search_term_string\"}}],\"inLanguage\":\"es\"},{\"@type\":\"Organization\",\"@id\":\"https:\\\/\\\/emeca.fi\\\/es\\\/#organization\",\"name\":\"Emeca Oy\",\"url\":\"https:\\\/\\\/emeca.fi\\\/es\\\/\",\"logo\":{\"@type\":\"ImageObject\",\"inLanguage\":\"es\",\"@id\":\"https:\\\/\\\/emeca.fi\\\/es\\\/#\\\/schema\\\/logo\\\/image\\\/\",\"url\":\"https:\\\/\\\/emeca.fi\\\/wp-content\\\/uploads\\\/2020\\\/05\\\/cropped-Emeca_logo2_valkoisella_taustalla.jpg\",\"contentUrl\":\"https:\\\/\\\/emeca.fi\\\/wp-content\\\/uploads\\\/2020\\\/05\\\/cropped-Emeca_logo2_valkoisella_taustalla.jpg\",\"width\":861,\"height\":204,\"caption\":\"Emeca Oy\"},\"image\":{\"@id\":\"https:\\\/\\\/emeca.fi\\\/es\\\/#\\\/schema\\\/logo\\\/image\\\/\"}}]}<\/script>\n<!-- \/ Yoast SEO plugin. -->","yoast_head_json":{"title":"Ingenieria - Emeca Oy","description":"Adem\u00e1s de la fabricaci\u00f3n, ofrecemos a nuestros clientes cooperaci\u00f3n en el campo de la planificaci\u00f3n y soporte t\u00e9cnico.","robots":{"index":"index","follow":"follow","max-snippet":"max-snippet:-1","max-image-preview":"max-image-preview:large","max-video-preview":"max-video-preview:-1"},"canonical":"https:\/\/emeca.fi\/es\/ingenieria\/","og_locale":"es_ES","og_type":"article","og_title":"Ingenieria - Emeca Oy","og_description":"Adem\u00e1s de la fabricaci\u00f3n, ofrecemos a nuestros clientes cooperaci\u00f3n en el campo de la planificaci\u00f3n y soporte t\u00e9cnico.","og_url":"https:\/\/emeca.fi\/es\/ingenieria\/","og_site_name":"Emeca Oy","article_modified_time":"2020-07-03T09:52:54+00:00","twitter_card":"summary_large_image","twitter_misc":{"Tiempo de lectura":"1 minuto"},"schema":{"@context":"https:\/\/schema.org","@graph":[{"@type":"WebPage","@id":"https:\/\/emeca.fi\/es\/ingenieria\/","url":"https:\/\/emeca.fi\/es\/ingenieria\/","name":"Ingenieria - Emeca Oy","isPartOf":{"@id":"https:\/\/emeca.fi\/es\/#website"},"datePublished":"2020-07-03T07:12:18+00:00","dateModified":"2020-07-03T09:52:54+00:00","description":"Adem\u00e1s de la fabricaci\u00f3n, ofrecemos a nuestros clientes cooperaci\u00f3n en el campo de la planificaci\u00f3n y soporte t\u00e9cnico.","breadcrumb":{"@id":"https:\/\/emeca.fi\/es\/ingenieria\/#breadcrumb"},"inLanguage":"es","potentialAction":[{"@type":"ReadAction","target":["https:\/\/emeca.fi\/es\/ingenieria\/"]}]},{"@type":"BreadcrumbList","@id":"https:\/\/emeca.fi\/es\/ingenieria\/#breadcrumb","itemListElement":[{"@type":"ListItem","position":1,"name":"Home","item":"https:\/\/emeca.fi\/es\/"},{"@type":"ListItem","position":2,"name":"Ingenieria"}]},{"@type":"WebSite","@id":"https:\/\/emeca.fi\/es\/#website","url":"https:\/\/emeca.fi\/es\/","name":"Emeca Oy","description":"World&#039;s finest piling components","publisher":{"@id":"https:\/\/emeca.fi\/es\/#organization"},"potentialAction":[{"@type":"SearchAction","target":{"@type":"EntryPoint","urlTemplate":"https:\/\/emeca.fi\/es\/?s={search_term_string}"},"query-input":{"@type":"PropertyValueSpecification","valueRequired":true,"valueName":"search_term_string"}}],"inLanguage":"es"},{"@type":"Organization","@id":"https:\/\/emeca.fi\/es\/#organization","name":"Emeca Oy","url":"https:\/\/emeca.fi\/es\/","logo":{"@type":"ImageObject","inLanguage":"es","@id":"https:\/\/emeca.fi\/es\/#\/schema\/logo\/image\/","url":"https:\/\/emeca.fi\/wp-content\/uploads\/2020\/05\/cropped-Emeca_logo2_valkoisella_taustalla.jpg","contentUrl":"https:\/\/emeca.fi\/wp-content\/uploads\/2020\/05\/cropped-Emeca_logo2_valkoisella_taustalla.jpg","width":861,"height":204,"caption":"Emeca Oy"},"image":{"@id":"https:\/\/emeca.fi\/es\/#\/schema\/logo\/image\/"}}]}},"_links":{"self":[{"href":"https:\/\/emeca.fi\/es\/wp-json\/wp\/v2\/pages\/7247","targetHints":{"allow":["GET"]}}],"collection":[{"href":"https:\/\/emeca.fi\/es\/wp-json\/wp\/v2\/pages"}],"about":[{"href":"https:\/\/emeca.fi\/es\/wp-json\/wp\/v2\/types\/page"}],"author":[{"embeddable":true,"href":"https:\/\/emeca.fi\/es\/wp-json\/wp\/v2\/users\/1"}],"replies":[{"embeddable":true,"href":"https:\/\/emeca.fi\/es\/wp-json\/wp\/v2\/comments?post=7247"}],"version-history":[{"count":3,"href":"https:\/\/emeca.fi\/es\/wp-json\/wp\/v2\/pages\/7247\/revisions"}],"predecessor-version":[{"id":7551,"href":"https:\/\/emeca.fi\/es\/wp-json\/wp\/v2\/pages\/7247\/revisions\/7551"}],"wp:attachment":[{"href":"https:\/\/emeca.fi\/es\/wp-json\/wp\/v2\/media?parent=7247"}],"curies":[{"name":"wp","href":"https:\/\/api.w.org\/{rel}","templated":true}]}}