{"id":7173,"date":"2020-07-03T09:55:13","date_gmt":"2020-07-03T06:55:13","guid":{"rendered":"https:\/\/emeca.fi\/en-la-fabrika\/"},"modified":"2020-07-03T12:52:22","modified_gmt":"2020-07-03T09:52:22","slug":"en-la-fabrika-de-pilotes","status":"publish","type":"page","link":"https:\/\/emeca.fi\/es\/en-la-fabrika-de-pilotes\/","title":{"rendered":"En la fabrika de pilotes"},"content":{"rendered":"\t\t<div data-elementor-type=\"wp-post\" data-elementor-id=\"7173\" class=\"elementor elementor-7173 elementor-1420\">\n\t\t\t\t\t\t<section class=\"elementor-section elementor-top-section elementor-element elementor-element-c6cc1b0 elementor-section-height-min-height elementor-section-boxed elementor-section-height-default elementor-section-items-middle\" data-id=\"c6cc1b0\" data-element_type=\"section\" data-e-type=\"section\" data-settings=\"{&quot;background_background&quot;:&quot;slideshow&quot;,&quot;background_slideshow_gallery&quot;:[{&quot;id&quot;:2513,&quot;url&quot;:&quot;https:\\\/\\\/emeca.fi\\\/wp-content\\\/uploads\\\/2020\\\/05\\\/Emeca-pilefactory-1-1-scaled-e1592203032784.jpg&quot;},{&quot;id&quot;:2537,&quot;url&quot;:&quot;https:\\\/\\\/emeca.fi\\\/wp-content\\\/uploads\\\/2020\\\/05\\\/Emeca-pile_joints-2-of-2.jpg&quot;},{&quot;id&quot;:4161,&quot;url&quot;:&quot;https:\\\/\\\/emeca.fi\\\/wp-content\\\/uploads\\\/2020\\\/06\\\/Emeca-USA-piling-site-1.jpg&quot;}],&quot;background_slideshow_transition_duration&quot;:700,&quot;background_slideshow_loop&quot;:&quot;yes&quot;,&quot;background_slideshow_slide_duration&quot;:5000,&quot;background_slideshow_slide_transition&quot;:&quot;fade&quot;}\">\n\t\t\t\t\t\t\t<div class=\"elementor-background-overlay\"><\/div>\n\t\t\t\t\t\t\t<div class=\"elementor-container elementor-column-gap-default\">\n\t\t\t\t\t<div class=\"elementor-column elementor-col-100 elementor-top-column elementor-element elementor-element-93e83f5\" data-id=\"93e83f5\" data-element_type=\"column\" data-e-type=\"column\">\n\t\t\t<div class=\"elementor-widget-wrap elementor-element-populated\">\n\t\t\t\t\t\t<div class=\"elementor-element elementor-element-f303414 elementor-widget elementor-widget-heading\" data-id=\"f303414\" data-element_type=\"widget\" data-e-type=\"widget\" data-widget_type=\"heading.default\">\n\t\t\t\t<div class=\"elementor-widget-container\">\n\t\t\t\t\t<h1 class=\"elementor-heading-title elementor-size-default\">EN LA F\u00c1BRICA DE PILOTES<\/h1>\t\t\t\t<\/div>\n\t\t\t\t<\/div>\n\t\t\t\t\t<\/div>\n\t\t<\/div>\n\t\t\t\t\t<\/div>\n\t\t<\/section>\n\t\t\t\t<section class=\"elementor-section elementor-inner-section elementor-element elementor-element-36cc6bd elementor-section-content-middle elementor-section-boxed elementor-section-height-default elementor-section-height-default\" data-id=\"36cc6bd\" data-element_type=\"section\" data-e-type=\"section\">\n\t\t\t\t\t\t<div class=\"elementor-container elementor-column-gap-default\">\n\t\t\t\t\t<div class=\"elementor-column elementor-col-50 elementor-inner-column elementor-element elementor-element-eb44616\" data-id=\"eb44616\" data-element_type=\"column\" data-e-type=\"column\">\n\t\t\t<div class=\"elementor-widget-wrap elementor-element-populated\">\n\t\t\t\t\t\t<div class=\"elementor-element elementor-element-2ea1cbe elementor-widget elementor-widget-heading\" data-id=\"2ea1cbe\" data-element_type=\"widget\" data-e-type=\"widget\" data-widget_type=\"heading.default\">\n\t\t\t\t<div class=\"elementor-widget-container\">\n\t\t\t\t\t<h3 class=\"elementor-heading-title elementor-size-default\">GU\u00cdAS Y HERRAMIENTAS DE COLADO<\/h3>\t\t\t\t<\/div>\n\t\t\t\t<\/div>\n\t\t\t\t<div class=\"elementor-element elementor-element-e164844 elementor-widget elementor-widget-text-editor\" data-id=\"e164844\" data-element_type=\"widget\" data-e-type=\"widget\" data-widget_type=\"text-editor.default\">\n\t\t\t\t<div class=\"elementor-widget-container\">\n\t\t\t\t\t\t\t\t\t<p>Nuestra familiaridad con toda la cadena de pilotes nos ha ayudado a crear herramientas innovadoras tanto para el colado para el pilotaje. Los pilotes de alta calidad se fabrican con gu\u00edas y herramientas de colado Emeca. Para las f\u00e1bricas de pilotes hemos desarrollado una gu\u00eda para el colado de la junta que aprieta la junta en una posici\u00f3n recta perpendicular al eje longitudinal del pilote. Como resultado de nuestro trabajo de desarrollo tambi\u00e9n hemos creado una herramienta para colocar y colar la punta de roca, que dirige el punto de roca paralelo al eje de la pila, y una herramienta de colado que asegura la rectitud de la cabeza de los pilotes y le da la forma correcta.<\/p>\n<p>Siempre estamos preparados para adaptar nuevos tipos de herramientas de colado como vigas gu\u00eda de colado para las necesidades individuales de nuestros clientes.<\/p>\n\t\t\t\t\t\t\t\t<\/div>\n\t\t\t\t<\/div>\n\t\t\t\t<div class=\"elementor-element elementor-element-93b36da elementor-widget elementor-widget-button\" data-id=\"93b36da\" data-element_type=\"widget\" data-e-type=\"widget\" data-widget_type=\"button.default\">\n\t\t\t\t<div class=\"elementor-widget-container\">\n\t\t\t\t\t\t\t\t\t<div class=\"elementor-button-wrapper\">\n\t\t\t\t\t<a class=\"elementor-button elementor-button-link elementor-size-sm elementor-animation-grow\" href=\"https:\/\/emeca.fi\/es\/contactenos\/\">\n\t\t\t\t\t\t<span class=\"elementor-button-content-wrapper\">\n\t\t\t\t\t\t\t\t\t<span class=\"elementor-button-text\">CONTACTENOS<\/span>\n\t\t\t\t\t<\/span>\n\t\t\t\t\t<\/a>\n\t\t\t\t<\/div>\n\t\t\t\t\t\t\t\t<\/div>\n\t\t\t\t<\/div>\n\t\t\t\t\t<\/div>\n\t\t<\/div>\n\t\t\t\t<div class=\"elementor-column elementor-col-50 elementor-inner-column elementor-element elementor-element-bf9685e\" data-id=\"bf9685e\" data-element_type=\"column\" data-e-type=\"column\">\n\t\t\t<div class=\"elementor-widget-wrap elementor-element-populated\">\n\t\t\t\t\t\t<div class=\"elementor-element elementor-element-7184e5d elementor-pagination-position-inside elementor-arrows-position-inside elementor-widget elementor-widget-image-carousel\" data-id=\"7184e5d\" data-element_type=\"widget\" data-e-type=\"widget\" data-settings=\"{&quot;slides_to_show&quot;:&quot;1&quot;,&quot;pause_on_hover&quot;:&quot;no&quot;,&quot;autoplay_speed&quot;:2000,&quot;pause_on_interaction&quot;:&quot;no&quot;,&quot;navigation&quot;:&quot;both&quot;,&quot;autoplay&quot;:&quot;yes&quot;,&quot;infinite&quot;:&quot;yes&quot;,&quot;effect&quot;:&quot;slide&quot;,&quot;speed&quot;:500}\" data-widget_type=\"image-carousel.default\">\n\t\t\t\t<div class=\"elementor-widget-container\">\n\t\t\t\t\t\t\t<div class=\"elementor-image-carousel-wrapper swiper\" role=\"region\" aria-roledescription=\"carousel\" aria-label=\"Carrusel de im\u00e1genes\" dir=\"ltr\">\n\t\t\t<div class=\"elementor-image-carousel swiper-wrapper\" aria-live=\"off\">\n\t\t\t\t\t\t\t\t<div class=\"swiper-slide\" role=\"group\" aria-roledescription=\"slide\" aria-label=\"1 de 2\"><figure class=\"swiper-slide-inner\"><img decoding=\"async\" class=\"swiper-slide-image\" src=\"https:\/\/emeca.fi\/wp-content\/uploads\/2020\/06\/Emeca-valuohjain-compact-1-1024x666.jpg\" alt=\"Emeca Oy\" \/><\/figure><\/div><div class=\"swiper-slide\" role=\"group\" aria-roledescription=\"slide\" aria-label=\"2 de 2\"><figure class=\"swiper-slide-inner\"><img decoding=\"async\" class=\"swiper-slide-image\" src=\"https:\/\/emeca.fi\/wp-content\/uploads\/2020\/06\/Emeca-valuohjain-sininen-1-4-1024x632.jpg\" alt=\"Emeca Oy\" \/><\/figure><\/div>\t\t\t<\/div>\n\t\t\t\t\t\t\t\t\t\t\t\t<div class=\"elementor-swiper-button elementor-swiper-button-prev\" role=\"button\" tabindex=\"0\">\n\t\t\t\t\t\t<i aria-hidden=\"true\" class=\"eicon-chevron-left\"><\/i>\t\t\t\t\t<\/div>\n\t\t\t\t\t<div class=\"elementor-swiper-button elementor-swiper-button-next\" role=\"button\" tabindex=\"0\">\n\t\t\t\t\t\t<i aria-hidden=\"true\" class=\"eicon-chevron-right\"><\/i>\t\t\t\t\t<\/div>\n\t\t\t\t\n\t\t\t\t\t\t\t\t\t<div class=\"swiper-pagination\"><\/div>\n\t\t\t\t\t\t\t\t\t<\/div>\n\t\t\t\t\t\t<\/div>\n\t\t\t\t<\/div>\n\t\t\t\t\t<\/div>\n\t\t<\/div>\n\t\t\t\t\t<\/div>\n\t\t<\/section>\n\t\t\t\t<section class=\"elementor-section elementor-inner-section elementor-element elementor-element-0c5307f elementor-section-content-middle elementor-section-boxed elementor-section-height-default elementor-section-height-default\" data-id=\"0c5307f\" data-element_type=\"section\" data-e-type=\"section\">\n\t\t\t\t\t\t<div class=\"elementor-container elementor-column-gap-default\">\n\t\t\t\t\t<div class=\"elementor-column elementor-col-100 elementor-inner-column elementor-element elementor-element-2dafb23\" data-id=\"2dafb23\" data-element_type=\"column\" data-e-type=\"column\">\n\t\t\t<div class=\"elementor-widget-wrap elementor-element-populated\">\n\t\t\t\t\t\t<div class=\"elementor-element elementor-element-b45f8cc elementor-widget-divider--view-line elementor-widget elementor-widget-divider\" data-id=\"b45f8cc\" data-element_type=\"widget\" data-e-type=\"widget\" data-widget_type=\"divider.default\">\n\t\t\t\t<div class=\"elementor-widget-container\">\n\t\t\t\t\t\t\t<div class=\"elementor-divider\">\n\t\t\t<span class=\"elementor-divider-separator\">\n\t\t\t\t\t\t<\/span>\n\t\t<\/div>\n\t\t\t\t\t\t<\/div>\n\t\t\t\t<\/div>\n\t\t\t\t\t<\/div>\n\t\t<\/div>\n\t\t\t\t\t<\/div>\n\t\t<\/section>\n\t\t\t\t<section class=\"elementor-section elementor-inner-section elementor-element elementor-element-e259f57 elementor-section-content-middle elementor-section-boxed elementor-section-height-default elementor-section-height-default\" data-id=\"e259f57\" data-element_type=\"section\" data-e-type=\"section\">\n\t\t\t\t\t\t<div class=\"elementor-container elementor-column-gap-default\">\n\t\t\t\t\t<div class=\"elementor-column elementor-col-100 elementor-inner-column elementor-element elementor-element-1ceaee9\" data-id=\"1ceaee9\" data-element_type=\"column\" data-e-type=\"column\">\n\t\t\t<div class=\"elementor-widget-wrap elementor-element-populated\">\n\t\t\t\t\t\t<div class=\"elementor-element elementor-element-c251247 elementor-widget elementor-widget-heading\" data-id=\"c251247\" data-element_type=\"widget\" data-e-type=\"widget\" data-widget_type=\"heading.default\">\n\t\t\t\t<div class=\"elementor-widget-container\">\n\t\t\t\t\t<h3 class=\"elementor-heading-title elementor-size-default\">JUEGOS DE MOLDES DE FUNDICI\u00d3N<\/h3>\t\t\t\t<\/div>\n\t\t\t\t<\/div>\n\t\t\t\t<div class=\"elementor-element elementor-element-1121979 elementor-widget elementor-widget-text-editor\" data-id=\"1121979\" data-element_type=\"widget\" data-e-type=\"widget\" data-widget_type=\"text-editor.default\">\n\t\t\t\t<div class=\"elementor-widget-container\">\n\t\t\t\t\t\t\t\t\t<p>Emeca ha dise\u00f1ado una serie de diferentes conjuntos de moldes de colado y ha participado en la planificaci\u00f3n de f\u00e1bricas de pilotes completas. Podemos ofrecer moldes de colado a pilotes, planificados y realizados de acuerdo a las necesidades de nuestros clientes, incluso en forma llave en mano.<\/p>\n<p>El conocimiento constantemente actualizado de nuestro personal, y nuestra experiencia que abarca m\u00e1s de 20 a\u00f1os est\u00e1 siempre a su disposici\u00f3n.<\/p>\n\t\t\t\t\t\t\t\t<\/div>\n\t\t\t\t<\/div>\n\t\t\t\t\t<\/div>\n\t\t<\/div>\n\t\t\t\t\t<\/div>\n\t\t<\/section>\n\t\t\t\t<section class=\"elementor-section elementor-top-section elementor-element elementor-element-2386c1d elementor-section-boxed elementor-section-height-default elementor-section-height-default\" data-id=\"2386c1d\" data-element_type=\"section\" data-e-type=\"section\">\n\t\t\t\t\t\t<div class=\"elementor-container elementor-column-gap-default\">\n\t\t\t\t\t<div class=\"elementor-column elementor-col-100 elementor-top-column elementor-element elementor-element-c8908fc\" data-id=\"c8908fc\" data-element_type=\"column\" data-e-type=\"column\">\n\t\t\t<div class=\"elementor-widget-wrap elementor-element-populated\">\n\t\t\t\t\t\t<div class=\"elementor-element elementor-element-e760781 elementor-widget elementor-widget-spacer\" data-id=\"e760781\" data-element_type=\"widget\" data-e-type=\"widget\" data-widget_type=\"spacer.default\">\n\t\t\t\t<div class=\"elementor-widget-container\">\n\t\t\t\t\t\t\t<div class=\"elementor-spacer\">\n\t\t\t<div class=\"elementor-spacer-inner\"><\/div>\n\t\t<\/div>\n\t\t\t\t\t\t<\/div>\n\t\t\t\t<\/div>\n\t\t\t\t\t<\/div>\n\t\t<\/div>\n\t\t\t\t\t<\/div>\n\t\t<\/section>\n\t\t\t\t<\/div>\n\t\t","protected":false},"excerpt":{"rendered":"<p>EN LA F\u00c1BRICA DE PILOTES GU\u00cdAS Y HERRAMIENTAS DE COLADO Nuestra familiaridad con toda la cadena de pilotes nos ha ayudado a crear herramientas innovadoras tanto para el colado para el pilotaje. Los pilotes de alta calidad se fabrican con gu\u00edas y herramientas de colado Emeca. Para las f\u00e1bricas de pilotes hemos desarrollado una gu\u00eda [&hellip;]<\/p>\n","protected":false},"author":1,"featured_media":0,"parent":0,"menu_order":0,"comment_status":"closed","ping_status":"closed","template":"elementor_header_footer","meta":{"site-sidebar-layout":"no-sidebar","site-content-layout":"page-builder","ast-site-content-layout":"default","site-content-style":"default","site-sidebar-style":"default","ast-global-header-display":"","ast-banner-title-visibility":"","ast-main-header-display":"","ast-hfb-above-header-display":"","ast-hfb-below-header-display":"","ast-hfb-mobile-header-display":"","site-post-title":"disabled","ast-breadcrumbs-content":"","ast-featured-img":"disabled","footer-sml-layout":"","ast-disable-related-posts":"","theme-transparent-header-meta":"default","adv-header-id-meta":"","stick-header-meta":"","header-above-stick-meta":"","header-main-stick-meta":"","header-below-stick-meta":"","astra-migrate-meta-layouts":"default","ast-page-background-enabled":"default","ast-page-background-meta":{"desktop":{"background-color":"","background-image":"","background-repeat":"repeat","background-position":"center center","background-size":"auto","background-attachment":"scroll","background-type":"","background-media":"","overlay-type":"","overlay-color":"","overlay-opacity":"","overlay-gradient":""},"tablet":{"background-color":"","background-image":"","background-repeat":"repeat","background-position":"center center","background-size":"auto","background-attachment":"scroll","background-type":"","background-media":"","overlay-type":"","overlay-color":"","overlay-opacity":"","overlay-gradient":""},"mobile":{"background-color":"","background-image":"","background-repeat":"repeat","background-position":"center center","background-size":"auto","background-attachment":"scroll","background-type":"","background-media":"","overlay-type":"","overlay-color":"","overlay-opacity":"","overlay-gradient":""}},"ast-content-background-meta":{"desktop":{"background-color":"var(--ast-global-color-5)","background-image":"","background-repeat":"repeat","background-position":"center center","background-size":"auto","background-attachment":"scroll","background-type":"","background-media":"","overlay-type":"","overlay-color":"","overlay-opacity":"","overlay-gradient":""},"tablet":{"background-color":"var(--ast-global-color-5)","background-image":"","background-repeat":"repeat","background-position":"center center","background-size":"auto","background-attachment":"scroll","background-type":"","background-media":"","overlay-type":"","overlay-color":"","overlay-opacity":"","overlay-gradient":""},"mobile":{"background-color":"var(--ast-global-color-5)","background-image":"","background-repeat":"repeat","background-position":"center center","background-size":"auto","background-attachment":"scroll","background-type":"","background-media":"","overlay-type":"","overlay-color":"","overlay-opacity":"","overlay-gradient":""}},"footnotes":""},"class_list":["post-7173","page","type-page","status-publish","hentry"],"yoast_head":"<!-- This site is optimized with the Yoast SEO plugin v27.4 - https:\/\/yoast.com\/product\/yoast-seo-wordpress\/ -->\n<title>En la fabrika de pilotes - Emeca Oy<\/title>\n<meta name=\"robots\" content=\"index, follow, max-snippet:-1, max-image-preview:large, max-video-preview:-1\" \/>\n<link rel=\"canonical\" href=\"https:\/\/emeca.fi\/es\/en-la-fabrika-de-pilotes\/\" \/>\n<meta property=\"og:locale\" content=\"es_ES\" \/>\n<meta property=\"og:type\" content=\"article\" \/>\n<meta property=\"og:title\" content=\"En la fabrika de pilotes - Emeca Oy\" \/>\n<meta property=\"og:description\" content=\"EN LA F\u00c1BRICA DE PILOTES GU\u00cdAS Y HERRAMIENTAS DE COLADO Nuestra familiaridad con toda la cadena de pilotes nos ha ayudado a crear herramientas innovadoras tanto para el colado para el pilotaje. Los pilotes de alta calidad se fabrican con gu\u00edas y herramientas de colado Emeca. Para las f\u00e1bricas de pilotes hemos desarrollado una gu\u00eda [&hellip;]\" \/>\n<meta property=\"og:url\" content=\"https:\/\/emeca.fi\/es\/en-la-fabrika-de-pilotes\/\" \/>\n<meta property=\"og:site_name\" content=\"Emeca Oy\" \/>\n<meta property=\"article:modified_time\" content=\"2020-07-03T09:52:22+00:00\" \/>\n<meta property=\"og:image\" content=\"https:\/\/emeca.fi\/wp-content\/uploads\/2020\/06\/Emeca-valuohjain-compact-1-1024x666.jpg\" \/>\n<meta name=\"twitter:card\" content=\"summary_large_image\" \/>\n<meta name=\"twitter:label1\" content=\"Tiempo de lectura\" \/>\n\t<meta name=\"twitter:data1\" content=\"1 minuto\" \/>\n<script type=\"application\/ld+json\" class=\"yoast-schema-graph\">{\"@context\":\"https:\\\/\\\/schema.org\",\"@graph\":[{\"@type\":\"WebPage\",\"@id\":\"https:\\\/\\\/emeca.fi\\\/es\\\/en-la-fabrika-de-pilotes\\\/\",\"url\":\"https:\\\/\\\/emeca.fi\\\/es\\\/en-la-fabrika-de-pilotes\\\/\",\"name\":\"En la fabrika de pilotes - Emeca Oy\",\"isPartOf\":{\"@id\":\"https:\\\/\\\/emeca.fi\\\/es\\\/#website\"},\"primaryImageOfPage\":{\"@id\":\"https:\\\/\\\/emeca.fi\\\/es\\\/en-la-fabrika-de-pilotes\\\/#primaryimage\"},\"image\":{\"@id\":\"https:\\\/\\\/emeca.fi\\\/es\\\/en-la-fabrika-de-pilotes\\\/#primaryimage\"},\"thumbnailUrl\":\"https:\\\/\\\/emeca.fi\\\/wp-content\\\/uploads\\\/2020\\\/06\\\/Emeca-valuohjain-compact-1-1024x666.jpg\",\"datePublished\":\"2020-07-03T06:55:13+00:00\",\"dateModified\":\"2020-07-03T09:52:22+00:00\",\"breadcrumb\":{\"@id\":\"https:\\\/\\\/emeca.fi\\\/es\\\/en-la-fabrika-de-pilotes\\\/#breadcrumb\"},\"inLanguage\":\"es\",\"potentialAction\":[{\"@type\":\"ReadAction\",\"target\":[\"https:\\\/\\\/emeca.fi\\\/es\\\/en-la-fabrika-de-pilotes\\\/\"]}]},{\"@type\":\"ImageObject\",\"inLanguage\":\"es\",\"@id\":\"https:\\\/\\\/emeca.fi\\\/es\\\/en-la-fabrika-de-pilotes\\\/#primaryimage\",\"url\":\"https:\\\/\\\/emeca.fi\\\/wp-content\\\/uploads\\\/2020\\\/06\\\/Emeca-valuohjain-compact-1-1024x666.jpg\",\"contentUrl\":\"https:\\\/\\\/emeca.fi\\\/wp-content\\\/uploads\\\/2020\\\/06\\\/Emeca-valuohjain-compact-1-1024x666.jpg\"},{\"@type\":\"BreadcrumbList\",\"@id\":\"https:\\\/\\\/emeca.fi\\\/es\\\/en-la-fabrika-de-pilotes\\\/#breadcrumb\",\"itemListElement\":[{\"@type\":\"ListItem\",\"position\":1,\"name\":\"Home\",\"item\":\"https:\\\/\\\/emeca.fi\\\/es\\\/\"},{\"@type\":\"ListItem\",\"position\":2,\"name\":\"En la fabrika de pilotes\"}]},{\"@type\":\"WebSite\",\"@id\":\"https:\\\/\\\/emeca.fi\\\/es\\\/#website\",\"url\":\"https:\\\/\\\/emeca.fi\\\/es\\\/\",\"name\":\"Emeca Oy\",\"description\":\"World&#039;s finest piling components\",\"publisher\":{\"@id\":\"https:\\\/\\\/emeca.fi\\\/es\\\/#organization\"},\"potentialAction\":[{\"@type\":\"SearchAction\",\"target\":{\"@type\":\"EntryPoint\",\"urlTemplate\":\"https:\\\/\\\/emeca.fi\\\/es\\\/?s={search_term_string}\"},\"query-input\":{\"@type\":\"PropertyValueSpecification\",\"valueRequired\":true,\"valueName\":\"search_term_string\"}}],\"inLanguage\":\"es\"},{\"@type\":\"Organization\",\"@id\":\"https:\\\/\\\/emeca.fi\\\/es\\\/#organization\",\"name\":\"Emeca Oy\",\"url\":\"https:\\\/\\\/emeca.fi\\\/es\\\/\",\"logo\":{\"@type\":\"ImageObject\",\"inLanguage\":\"es\",\"@id\":\"https:\\\/\\\/emeca.fi\\\/es\\\/#\\\/schema\\\/logo\\\/image\\\/\",\"url\":\"https:\\\/\\\/emeca.fi\\\/wp-content\\\/uploads\\\/2020\\\/05\\\/cropped-Emeca_logo2_valkoisella_taustalla.jpg\",\"contentUrl\":\"https:\\\/\\\/emeca.fi\\\/wp-content\\\/uploads\\\/2020\\\/05\\\/cropped-Emeca_logo2_valkoisella_taustalla.jpg\",\"width\":861,\"height\":204,\"caption\":\"Emeca Oy\"},\"image\":{\"@id\":\"https:\\\/\\\/emeca.fi\\\/es\\\/#\\\/schema\\\/logo\\\/image\\\/\"}}]}<\/script>\n<!-- \/ Yoast SEO plugin. -->","yoast_head_json":{"title":"En la fabrika de pilotes - Emeca Oy","robots":{"index":"index","follow":"follow","max-snippet":"max-snippet:-1","max-image-preview":"max-image-preview:large","max-video-preview":"max-video-preview:-1"},"canonical":"https:\/\/emeca.fi\/es\/en-la-fabrika-de-pilotes\/","og_locale":"es_ES","og_type":"article","og_title":"En la fabrika de pilotes - Emeca Oy","og_description":"EN LA F\u00c1BRICA DE PILOTES GU\u00cdAS Y HERRAMIENTAS DE COLADO Nuestra familiaridad con toda la cadena de pilotes nos ha ayudado a crear herramientas innovadoras tanto para el colado para el pilotaje. Los pilotes de alta calidad se fabrican con gu\u00edas y herramientas de colado Emeca. Para las f\u00e1bricas de pilotes hemos desarrollado una gu\u00eda [&hellip;]","og_url":"https:\/\/emeca.fi\/es\/en-la-fabrika-de-pilotes\/","og_site_name":"Emeca Oy","article_modified_time":"2020-07-03T09:52:22+00:00","og_image":[{"url":"https:\/\/emeca.fi\/wp-content\/uploads\/2020\/06\/Emeca-valuohjain-compact-1-1024x666.jpg","type":"","width":"","height":""}],"twitter_card":"summary_large_image","twitter_misc":{"Tiempo de lectura":"1 minuto"},"schema":{"@context":"https:\/\/schema.org","@graph":[{"@type":"WebPage","@id":"https:\/\/emeca.fi\/es\/en-la-fabrika-de-pilotes\/","url":"https:\/\/emeca.fi\/es\/en-la-fabrika-de-pilotes\/","name":"En la fabrika de pilotes - Emeca Oy","isPartOf":{"@id":"https:\/\/emeca.fi\/es\/#website"},"primaryImageOfPage":{"@id":"https:\/\/emeca.fi\/es\/en-la-fabrika-de-pilotes\/#primaryimage"},"image":{"@id":"https:\/\/emeca.fi\/es\/en-la-fabrika-de-pilotes\/#primaryimage"},"thumbnailUrl":"https:\/\/emeca.fi\/wp-content\/uploads\/2020\/06\/Emeca-valuohjain-compact-1-1024x666.jpg","datePublished":"2020-07-03T06:55:13+00:00","dateModified":"2020-07-03T09:52:22+00:00","breadcrumb":{"@id":"https:\/\/emeca.fi\/es\/en-la-fabrika-de-pilotes\/#breadcrumb"},"inLanguage":"es","potentialAction":[{"@type":"ReadAction","target":["https:\/\/emeca.fi\/es\/en-la-fabrika-de-pilotes\/"]}]},{"@type":"ImageObject","inLanguage":"es","@id":"https:\/\/emeca.fi\/es\/en-la-fabrika-de-pilotes\/#primaryimage","url":"https:\/\/emeca.fi\/wp-content\/uploads\/2020\/06\/Emeca-valuohjain-compact-1-1024x666.jpg","contentUrl":"https:\/\/emeca.fi\/wp-content\/uploads\/2020\/06\/Emeca-valuohjain-compact-1-1024x666.jpg"},{"@type":"BreadcrumbList","@id":"https:\/\/emeca.fi\/es\/en-la-fabrika-de-pilotes\/#breadcrumb","itemListElement":[{"@type":"ListItem","position":1,"name":"Home","item":"https:\/\/emeca.fi\/es\/"},{"@type":"ListItem","position":2,"name":"En la fabrika de pilotes"}]},{"@type":"WebSite","@id":"https:\/\/emeca.fi\/es\/#website","url":"https:\/\/emeca.fi\/es\/","name":"Emeca Oy","description":"World&#039;s finest piling components","publisher":{"@id":"https:\/\/emeca.fi\/es\/#organization"},"potentialAction":[{"@type":"SearchAction","target":{"@type":"EntryPoint","urlTemplate":"https:\/\/emeca.fi\/es\/?s={search_term_string}"},"query-input":{"@type":"PropertyValueSpecification","valueRequired":true,"valueName":"search_term_string"}}],"inLanguage":"es"},{"@type":"Organization","@id":"https:\/\/emeca.fi\/es\/#organization","name":"Emeca Oy","url":"https:\/\/emeca.fi\/es\/","logo":{"@type":"ImageObject","inLanguage":"es","@id":"https:\/\/emeca.fi\/es\/#\/schema\/logo\/image\/","url":"https:\/\/emeca.fi\/wp-content\/uploads\/2020\/05\/cropped-Emeca_logo2_valkoisella_taustalla.jpg","contentUrl":"https:\/\/emeca.fi\/wp-content\/uploads\/2020\/05\/cropped-Emeca_logo2_valkoisella_taustalla.jpg","width":861,"height":204,"caption":"Emeca Oy"},"image":{"@id":"https:\/\/emeca.fi\/es\/#\/schema\/logo\/image\/"}}]}},"_links":{"self":[{"href":"https:\/\/emeca.fi\/es\/wp-json\/wp\/v2\/pages\/7173","targetHints":{"allow":["GET"]}}],"collection":[{"href":"https:\/\/emeca.fi\/es\/wp-json\/wp\/v2\/pages"}],"about":[{"href":"https:\/\/emeca.fi\/es\/wp-json\/wp\/v2\/types\/page"}],"author":[{"embeddable":true,"href":"https:\/\/emeca.fi\/es\/wp-json\/wp\/v2\/users\/1"}],"replies":[{"embeddable":true,"href":"https:\/\/emeca.fi\/es\/wp-json\/wp\/v2\/comments?post=7173"}],"version-history":[{"count":4,"href":"https:\/\/emeca.fi\/es\/wp-json\/wp\/v2\/pages\/7173\/revisions"}],"predecessor-version":[{"id":7543,"href":"https:\/\/emeca.fi\/es\/wp-json\/wp\/v2\/pages\/7173\/revisions\/7543"}],"wp:attachment":[{"href":"https:\/\/emeca.fi\/es\/wp-json\/wp\/v2\/media?parent=7173"}],"curies":[{"name":"wp","href":"https:\/\/api.w.org\/{rel}","templated":true}]}}