{"id":7041,"date":"2020-07-03T08:17:33","date_gmt":"2020-07-03T05:17:33","guid":{"rendered":"https:\/\/emeca.fi\/empresa\/"},"modified":"2020-07-03T12:52:00","modified_gmt":"2020-07-03T09:52:00","slug":"empresa","status":"publish","type":"page","link":"https:\/\/emeca.fi\/es\/empresa\/","title":{"rendered":"Empresa"},"content":{"rendered":"\t\t<div data-elementor-type=\"wp-post\" data-elementor-id=\"7041\" class=\"elementor elementor-7041 elementor-1572\">\n\t\t\t\t\t\t<section class=\"elementor-section elementor-top-section elementor-element elementor-element-rlgh7v6 elementor-section-height-min-height elementor-section-boxed elementor-section-height-default elementor-section-items-middle\" data-id=\"rlgh7v6\" data-element_type=\"section\" data-e-type=\"section\" data-settings=\"{&quot;background_background&quot;:&quot;slideshow&quot;,&quot;background_slideshow_gallery&quot;:[{&quot;id&quot;:1805,&quot;url&quot;:&quot;https:\\\/\\\/emeca.fi\\\/wp-content\\\/uploads\\\/2020\\\/05\\\/EMECA-pile-joint-1-2.jpg&quot;},{&quot;id&quot;:1798,&quot;url&quot;:&quot;https:\\\/\\\/emeca.fi\\\/wp-content\\\/uploads\\\/2020\\\/05\\\/EMECA-piles-2.jpg&quot;}],&quot;background_slideshow_slide_duration&quot;:7000,&quot;background_slideshow_transition_duration&quot;:700,&quot;background_slideshow_loop&quot;:&quot;yes&quot;,&quot;background_slideshow_slide_transition&quot;:&quot;fade&quot;}\">\n\t\t\t\t\t\t\t<div class=\"elementor-background-overlay\"><\/div>\n\t\t\t\t\t\t\t<div class=\"elementor-container elementor-column-gap-default\">\n\t\t\t\t\t<div class=\"elementor-column elementor-col-100 elementor-top-column elementor-element elementor-element-teyzpiw\" data-id=\"teyzpiw\" data-element_type=\"column\" data-e-type=\"column\">\n\t\t\t<div class=\"elementor-widget-wrap elementor-element-populated\">\n\t\t\t\t\t\t<div class=\"elementor-element elementor-element-9g3dbfz elementor-widget elementor-widget-heading\" data-id=\"9g3dbfz\" data-element_type=\"widget\" data-e-type=\"widget\" data-widget_type=\"heading.default\">\n\t\t\t\t<div class=\"elementor-widget-container\">\n\t\t\t\t\t<h1 class=\"elementor-heading-title elementor-size-default\">EMPRESA<\/h1>\t\t\t\t<\/div>\n\t\t\t\t<\/div>\n\t\t\t\t\t<\/div>\n\t\t<\/div>\n\t\t\t\t\t<\/div>\n\t\t<\/section>\n\t\t\t\t<section class=\"elementor-section elementor-top-section elementor-element elementor-element-rt0ifzd elementor-section-content-middle elementor-section-boxed elementor-section-height-default elementor-section-height-default\" data-id=\"rt0ifzd\" data-element_type=\"section\" data-e-type=\"section\">\n\t\t\t\t\t\t<div class=\"elementor-container elementor-column-gap-no\">\n\t\t\t\t\t<div class=\"elementor-column elementor-col-50 elementor-top-column elementor-element elementor-element-0cbm4xd\" data-id=\"0cbm4xd\" data-element_type=\"column\" data-e-type=\"column\">\n\t\t\t<div class=\"elementor-widget-wrap elementor-element-populated\">\n\t\t\t\t\t\t<div class=\"elementor-element elementor-element-lajf8ql elementor-widget elementor-widget-heading\" data-id=\"lajf8ql\" data-element_type=\"widget\" data-e-type=\"widget\" data-widget_type=\"heading.default\">\n\t\t\t\t<div class=\"elementor-widget-container\">\n\t\t\t\t\t<h3 class=\"elementor-heading-title elementor-size-default\">EMECA OY<\/h3>\t\t\t\t<\/div>\n\t\t\t\t<\/div>\n\t\t\t\t<div class=\"elementor-element elementor-element-d7cakya elementor-widget elementor-widget-text-editor\" data-id=\"d7cakya\" data-element_type=\"widget\" data-e-type=\"widget\" data-widget_type=\"text-editor.default\">\n\t\t\t\t<div class=\"elementor-widget-container\">\n\t\t\t\t\t\t\t\t\t<p>Emeca Oy es el fabricante y proveedor lider de equipos para producir pilotes prefabricados de concretodido en Finlandia.Nuestros principales productos son juntas para pilotes y puntas de soporte en roca. \u00a1Le entregamos estos y muchos otros productos de alta calidad, donde quiera que est\u00e9!<\/p>\n<p>Adem\u00e1s de los productos duraderos y vers\u00e1tiles de alta calidad, las fortalezas de la empresa residen en el desarrollo continuo y activo de productos, una instalaci\u00f3n de producci\u00f3n moderna y personal altamente calificado. Las entregas fiables y la eficiencia son valores importantes para nosotros. Hacemos lo que hemos prometido y garantizado en la fecha acordada. Nuestro objetivo es ser la empresa l\u00edder tambi\u00e9n en el futuro.<\/p>\n<p>Los principales fabricantes de pilotes de concreto conf\u00edan en Emeca: quieren equipos de conducci\u00f3n de pilas de alta calidad de forma fiable y en condiciones competitivas. Nuestros productos garantizan un proceso de trabajo seguro y rentable a trav\u00e9s de la cadena del proceso de hincado pilotes.<\/p>\n<p>Emeca\/Spe USA se encarga de fabricar nuestros productos para el mercado en Estados Unidos. Otras \u00e1reas se manejan desde la F\u00e1brica en K&#8217;yli\u00e1, Finlandia.<\/p>\n<p>Emeca Oy fue fundada en 2001 por Kari, Petri y Sakari Koivunen. Desde entonces, Petri Koivunen se ha convertido en el \u00fanico propietario de la empresa. Dun &amp; Bradstreet Finlandia Oy ha otorgado a nuestra empresa la calificaci\u00f3n crediticia m\u00e1s alta posible, AAA continuamente a lo largo de los a\u00f1os 2008-2020.<\/p>\n\t\t\t\t\t\t\t\t<\/div>\n\t\t\t\t<\/div>\n\t\t\t\t<div class=\"elementor-element elementor-element-62646a6 elementor-widget elementor-widget-button\" data-id=\"62646a6\" data-element_type=\"widget\" data-e-type=\"widget\" data-widget_type=\"button.default\">\n\t\t\t\t<div class=\"elementor-widget-container\">\n\t\t\t\t\t\t\t\t\t<div class=\"elementor-button-wrapper\">\n\t\t\t\t\t<a class=\"elementor-button elementor-button-link elementor-size-sm elementor-animation-grow\" href=\"https:\/\/emeca.fi\/es\/contactenos\/\">\n\t\t\t\t\t\t<span class=\"elementor-button-content-wrapper\">\n\t\t\t\t\t\t\t\t\t<span class=\"elementor-button-text\">CONTACTENOS<\/span>\n\t\t\t\t\t<\/span>\n\t\t\t\t\t<\/a>\n\t\t\t\t<\/div>\n\t\t\t\t\t\t\t\t<\/div>\n\t\t\t\t<\/div>\n\t\t\t\t<div class=\"elementor-element elementor-element-fc122c8 elementor-hidden-desktop elementor-widget elementor-widget-spacer\" data-id=\"fc122c8\" data-element_type=\"widget\" data-e-type=\"widget\" data-widget_type=\"spacer.default\">\n\t\t\t\t<div class=\"elementor-widget-container\">\n\t\t\t\t\t\t\t<div class=\"elementor-spacer\">\n\t\t\t<div class=\"elementor-spacer-inner\"><\/div>\n\t\t<\/div>\n\t\t\t\t\t\t<\/div>\n\t\t\t\t<\/div>\n\t\t\t\t\t<\/div>\n\t\t<\/div>\n\t\t\t\t<div class=\"elementor-column elementor-col-50 elementor-top-column elementor-element elementor-element-a744974\" data-id=\"a744974\" data-element_type=\"column\" data-e-type=\"column\">\n\t\t\t<div class=\"elementor-widget-wrap elementor-element-populated\">\n\t\t\t\t\t\t<div class=\"elementor-element elementor-element-212dfc5 elementor-widget elementor-widget-image\" data-id=\"212dfc5\" data-element_type=\"widget\" data-e-type=\"widget\" data-widget_type=\"image.default\">\n\t\t\t\t<div class=\"elementor-widget-container\">\n\t\t\t\t\t\t\t\t\t\t\t\t\t\t\t<img fetchpriority=\"high\" decoding=\"async\" width=\"800\" height=\"1070\" src=\"https:\/\/emeca.fi\/wp-content\/uploads\/2020\/06\/Emeca-quality-rockpoint-1-e1591680413133.jpg\" class=\"attachment-full size-full wp-image-6789\" alt=\"\" \/>\t\t\t\t\t\t\t\t\t\t\t\t\t\t\t<\/div>\n\t\t\t\t<\/div>\n\t\t\t\t<div class=\"elementor-element elementor-element-58bec95 elementor-hidden-phone elementor-widget elementor-widget-spacer\" data-id=\"58bec95\" data-element_type=\"widget\" data-e-type=\"widget\" data-widget_type=\"spacer.default\">\n\t\t\t\t<div class=\"elementor-widget-container\">\n\t\t\t\t\t\t\t<div class=\"elementor-spacer\">\n\t\t\t<div class=\"elementor-spacer-inner\"><\/div>\n\t\t<\/div>\n\t\t\t\t\t\t<\/div>\n\t\t\t\t<\/div>\n\t\t\t\t\t<\/div>\n\t\t<\/div>\n\t\t\t\t\t<\/div>\n\t\t<\/section>\n\t\t\t\t<\/div>\n\t\t","protected":false},"excerpt":{"rendered":"<p>EMPRESA EMECA OY Emeca Oy es el fabricante y proveedor lider de equipos para producir pilotes prefabricados de concretodido en Finlandia.Nuestros principales productos son juntas para pilotes y puntas de soporte en roca. \u00a1Le entregamos estos y muchos otros productos de alta calidad, donde quiera que est\u00e9! Adem\u00e1s de los productos duraderos y vers\u00e1tiles de [&hellip;]<\/p>\n","protected":false},"author":1,"featured_media":0,"parent":0,"menu_order":0,"comment_status":"closed","ping_status":"closed","template":"elementor_header_footer","meta":{"site-sidebar-layout":"no-sidebar","site-content-layout":"page-builder","ast-site-content-layout":"default","site-content-style":"default","site-sidebar-style":"default","ast-global-header-display":"","ast-banner-title-visibility":"","ast-main-header-display":"","ast-hfb-above-header-display":"","ast-hfb-below-header-display":"","ast-hfb-mobile-header-display":"","site-post-title":"disabled","ast-breadcrumbs-content":"","ast-featured-img":"disabled","footer-sml-layout":"","ast-disable-related-posts":"","theme-transparent-header-meta":"default","adv-header-id-meta":"","stick-header-meta":"","header-above-stick-meta":"","header-main-stick-meta":"","header-below-stick-meta":"","astra-migrate-meta-layouts":"default","ast-page-background-enabled":"default","ast-page-background-meta":{"desktop":{"background-color":"","background-image":"","background-repeat":"repeat","background-position":"center center","background-size":"auto","background-attachment":"scroll","background-type":"","background-media":"","overlay-type":"","overlay-color":"","overlay-opacity":"","overlay-gradient":""},"tablet":{"background-color":"","background-image":"","background-repeat":"repeat","background-position":"center center","background-size":"auto","background-attachment":"scroll","background-type":"","background-media":"","overlay-type":"","overlay-color":"","overlay-opacity":"","overlay-gradient":""},"mobile":{"background-color":"","background-image":"","background-repeat":"repeat","background-position":"center center","background-size":"auto","background-attachment":"scroll","background-type":"","background-media":"","overlay-type":"","overlay-color":"","overlay-opacity":"","overlay-gradient":""}},"ast-content-background-meta":{"desktop":{"background-color":"var(--ast-global-color-5)","background-image":"","background-repeat":"repeat","background-position":"center center","background-size":"auto","background-attachment":"scroll","background-type":"","background-media":"","overlay-type":"","overlay-color":"","overlay-opacity":"","overlay-gradient":""},"tablet":{"background-color":"var(--ast-global-color-5)","background-image":"","background-repeat":"repeat","background-position":"center center","background-size":"auto","background-attachment":"scroll","background-type":"","background-media":"","overlay-type":"","overlay-color":"","overlay-opacity":"","overlay-gradient":""},"mobile":{"background-color":"var(--ast-global-color-5)","background-image":"","background-repeat":"repeat","background-position":"center center","background-size":"auto","background-attachment":"scroll","background-type":"","background-media":"","overlay-type":"","overlay-color":"","overlay-opacity":"","overlay-gradient":""}},"footnotes":""},"class_list":["post-7041","page","type-page","status-publish","hentry"],"yoast_head":"<!-- This site is optimized with the Yoast SEO plugin v27.6 - https:\/\/yoast.com\/product\/yoast-seo-wordpress\/ -->\n<title>Empresa - Emeca Oy<\/title>\n<meta name=\"description\" content=\"Los principales fabricantes de pilotes de concreto conf\u00edan en Emeca: quieren equipos de conducci\u00f3n de pilas de alta calidad de forma fiable y en condiciones competitivas.\" \/>\n<meta name=\"robots\" content=\"index, follow, max-snippet:-1, max-image-preview:large, max-video-preview:-1\" \/>\n<link rel=\"canonical\" href=\"https:\/\/emeca.fi\/es\/empresa\/\" \/>\n<meta property=\"og:locale\" content=\"es_ES\" \/>\n<meta property=\"og:type\" content=\"article\" \/>\n<meta property=\"og:title\" content=\"Empresa - Emeca Oy\" \/>\n<meta property=\"og:description\" content=\"Los principales fabricantes de pilotes de concreto conf\u00edan en Emeca: quieren equipos de conducci\u00f3n de pilas de alta calidad de forma fiable y en condiciones competitivas.\" \/>\n<meta property=\"og:url\" content=\"https:\/\/emeca.fi\/es\/empresa\/\" \/>\n<meta property=\"og:site_name\" content=\"Emeca Oy\" \/>\n<meta property=\"article:modified_time\" content=\"2020-07-03T09:52:00+00:00\" \/>\n<meta property=\"og:image\" content=\"https:\/\/emeca.fi\/wp-content\/uploads\/2020\/06\/Emeca-quality-rockpoint-1-e1591680413133.jpg\" \/>\n<meta name=\"twitter:card\" content=\"summary_large_image\" \/>\n<meta name=\"twitter:label1\" content=\"Tiempo de lectura\" \/>\n\t<meta name=\"twitter:data1\" content=\"1 minuto\" \/>\n<script type=\"application\/ld+json\" class=\"yoast-schema-graph\">{\"@context\":\"https:\\\/\\\/schema.org\",\"@graph\":[{\"@type\":\"WebPage\",\"@id\":\"https:\\\/\\\/emeca.fi\\\/es\\\/empresa\\\/\",\"url\":\"https:\\\/\\\/emeca.fi\\\/es\\\/empresa\\\/\",\"name\":\"Empresa - Emeca Oy\",\"isPartOf\":{\"@id\":\"https:\\\/\\\/emeca.fi\\\/es\\\/#website\"},\"primaryImageOfPage\":{\"@id\":\"https:\\\/\\\/emeca.fi\\\/es\\\/empresa\\\/#primaryimage\"},\"image\":{\"@id\":\"https:\\\/\\\/emeca.fi\\\/es\\\/empresa\\\/#primaryimage\"},\"thumbnailUrl\":\"https:\\\/\\\/emeca.fi\\\/wp-content\\\/uploads\\\/2020\\\/06\\\/Emeca-quality-rockpoint-1-e1591680413133.jpg\",\"datePublished\":\"2020-07-03T05:17:33+00:00\",\"dateModified\":\"2020-07-03T09:52:00+00:00\",\"description\":\"Los principales fabricantes de pilotes de concreto conf\u00edan en Emeca: quieren equipos de conducci\u00f3n de pilas de alta calidad de forma fiable y en condiciones competitivas.\",\"breadcrumb\":{\"@id\":\"https:\\\/\\\/emeca.fi\\\/es\\\/empresa\\\/#breadcrumb\"},\"inLanguage\":\"es\",\"potentialAction\":[{\"@type\":\"ReadAction\",\"target\":[\"https:\\\/\\\/emeca.fi\\\/es\\\/empresa\\\/\"]}]},{\"@type\":\"ImageObject\",\"inLanguage\":\"es\",\"@id\":\"https:\\\/\\\/emeca.fi\\\/es\\\/empresa\\\/#primaryimage\",\"url\":\"https:\\\/\\\/emeca.fi\\\/wp-content\\\/uploads\\\/2020\\\/06\\\/Emeca-quality-rockpoint-1-e1591680413133.jpg\",\"contentUrl\":\"https:\\\/\\\/emeca.fi\\\/wp-content\\\/uploads\\\/2020\\\/06\\\/Emeca-quality-rockpoint-1-e1591680413133.jpg\"},{\"@type\":\"BreadcrumbList\",\"@id\":\"https:\\\/\\\/emeca.fi\\\/es\\\/empresa\\\/#breadcrumb\",\"itemListElement\":[{\"@type\":\"ListItem\",\"position\":1,\"name\":\"Home\",\"item\":\"https:\\\/\\\/emeca.fi\\\/es\\\/\"},{\"@type\":\"ListItem\",\"position\":2,\"name\":\"Empresa\"}]},{\"@type\":\"WebSite\",\"@id\":\"https:\\\/\\\/emeca.fi\\\/es\\\/#website\",\"url\":\"https:\\\/\\\/emeca.fi\\\/es\\\/\",\"name\":\"Emeca Oy\",\"description\":\"World&#039;s finest piling components\",\"publisher\":{\"@id\":\"https:\\\/\\\/emeca.fi\\\/es\\\/#organization\"},\"potentialAction\":[{\"@type\":\"SearchAction\",\"target\":{\"@type\":\"EntryPoint\",\"urlTemplate\":\"https:\\\/\\\/emeca.fi\\\/es\\\/?s={search_term_string}\"},\"query-input\":{\"@type\":\"PropertyValueSpecification\",\"valueRequired\":true,\"valueName\":\"search_term_string\"}}],\"inLanguage\":\"es\"},{\"@type\":\"Organization\",\"@id\":\"https:\\\/\\\/emeca.fi\\\/es\\\/#organization\",\"name\":\"Emeca Oy\",\"url\":\"https:\\\/\\\/emeca.fi\\\/es\\\/\",\"logo\":{\"@type\":\"ImageObject\",\"inLanguage\":\"es\",\"@id\":\"https:\\\/\\\/emeca.fi\\\/es\\\/#\\\/schema\\\/logo\\\/image\\\/\",\"url\":\"https:\\\/\\\/emeca.fi\\\/wp-content\\\/uploads\\\/2020\\\/05\\\/cropped-Emeca_logo2_valkoisella_taustalla.jpg\",\"contentUrl\":\"https:\\\/\\\/emeca.fi\\\/wp-content\\\/uploads\\\/2020\\\/05\\\/cropped-Emeca_logo2_valkoisella_taustalla.jpg\",\"width\":861,\"height\":204,\"caption\":\"Emeca Oy\"},\"image\":{\"@id\":\"https:\\\/\\\/emeca.fi\\\/es\\\/#\\\/schema\\\/logo\\\/image\\\/\"}}]}<\/script>\n<!-- \/ Yoast SEO plugin. -->","yoast_head_json":{"title":"Empresa - Emeca Oy","description":"Los principales fabricantes de pilotes de concreto conf\u00edan en Emeca: quieren equipos de conducci\u00f3n de pilas de alta calidad de forma fiable y en condiciones competitivas.","robots":{"index":"index","follow":"follow","max-snippet":"max-snippet:-1","max-image-preview":"max-image-preview:large","max-video-preview":"max-video-preview:-1"},"canonical":"https:\/\/emeca.fi\/es\/empresa\/","og_locale":"es_ES","og_type":"article","og_title":"Empresa - Emeca Oy","og_description":"Los principales fabricantes de pilotes de concreto conf\u00edan en Emeca: quieren equipos de conducci\u00f3n de pilas de alta calidad de forma fiable y en condiciones competitivas.","og_url":"https:\/\/emeca.fi\/es\/empresa\/","og_site_name":"Emeca Oy","article_modified_time":"2020-07-03T09:52:00+00:00","og_image":[{"url":"https:\/\/emeca.fi\/wp-content\/uploads\/2020\/06\/Emeca-quality-rockpoint-1-e1591680413133.jpg","type":"","width":"","height":""}],"twitter_card":"summary_large_image","twitter_misc":{"Tiempo de lectura":"1 minuto"},"schema":{"@context":"https:\/\/schema.org","@graph":[{"@type":"WebPage","@id":"https:\/\/emeca.fi\/es\/empresa\/","url":"https:\/\/emeca.fi\/es\/empresa\/","name":"Empresa - Emeca Oy","isPartOf":{"@id":"https:\/\/emeca.fi\/es\/#website"},"primaryImageOfPage":{"@id":"https:\/\/emeca.fi\/es\/empresa\/#primaryimage"},"image":{"@id":"https:\/\/emeca.fi\/es\/empresa\/#primaryimage"},"thumbnailUrl":"https:\/\/emeca.fi\/wp-content\/uploads\/2020\/06\/Emeca-quality-rockpoint-1-e1591680413133.jpg","datePublished":"2020-07-03T05:17:33+00:00","dateModified":"2020-07-03T09:52:00+00:00","description":"Los principales fabricantes de pilotes de concreto conf\u00edan en Emeca: quieren equipos de conducci\u00f3n de pilas de alta calidad de forma fiable y en condiciones competitivas.","breadcrumb":{"@id":"https:\/\/emeca.fi\/es\/empresa\/#breadcrumb"},"inLanguage":"es","potentialAction":[{"@type":"ReadAction","target":["https:\/\/emeca.fi\/es\/empresa\/"]}]},{"@type":"ImageObject","inLanguage":"es","@id":"https:\/\/emeca.fi\/es\/empresa\/#primaryimage","url":"https:\/\/emeca.fi\/wp-content\/uploads\/2020\/06\/Emeca-quality-rockpoint-1-e1591680413133.jpg","contentUrl":"https:\/\/emeca.fi\/wp-content\/uploads\/2020\/06\/Emeca-quality-rockpoint-1-e1591680413133.jpg"},{"@type":"BreadcrumbList","@id":"https:\/\/emeca.fi\/es\/empresa\/#breadcrumb","itemListElement":[{"@type":"ListItem","position":1,"name":"Home","item":"https:\/\/emeca.fi\/es\/"},{"@type":"ListItem","position":2,"name":"Empresa"}]},{"@type":"WebSite","@id":"https:\/\/emeca.fi\/es\/#website","url":"https:\/\/emeca.fi\/es\/","name":"Emeca Oy","description":"World&#039;s finest piling components","publisher":{"@id":"https:\/\/emeca.fi\/es\/#organization"},"potentialAction":[{"@type":"SearchAction","target":{"@type":"EntryPoint","urlTemplate":"https:\/\/emeca.fi\/es\/?s={search_term_string}"},"query-input":{"@type":"PropertyValueSpecification","valueRequired":true,"valueName":"search_term_string"}}],"inLanguage":"es"},{"@type":"Organization","@id":"https:\/\/emeca.fi\/es\/#organization","name":"Emeca Oy","url":"https:\/\/emeca.fi\/es\/","logo":{"@type":"ImageObject","inLanguage":"es","@id":"https:\/\/emeca.fi\/es\/#\/schema\/logo\/image\/","url":"https:\/\/emeca.fi\/wp-content\/uploads\/2020\/05\/cropped-Emeca_logo2_valkoisella_taustalla.jpg","contentUrl":"https:\/\/emeca.fi\/wp-content\/uploads\/2020\/05\/cropped-Emeca_logo2_valkoisella_taustalla.jpg","width":861,"height":204,"caption":"Emeca Oy"},"image":{"@id":"https:\/\/emeca.fi\/es\/#\/schema\/logo\/image\/"}}]}},"_links":{"self":[{"href":"https:\/\/emeca.fi\/es\/wp-json\/wp\/v2\/pages\/7041","targetHints":{"allow":["GET"]}}],"collection":[{"href":"https:\/\/emeca.fi\/es\/wp-json\/wp\/v2\/pages"}],"about":[{"href":"https:\/\/emeca.fi\/es\/wp-json\/wp\/v2\/types\/page"}],"author":[{"embeddable":true,"href":"https:\/\/emeca.fi\/es\/wp-json\/wp\/v2\/users\/1"}],"replies":[{"embeddable":true,"href":"https:\/\/emeca.fi\/es\/wp-json\/wp\/v2\/comments?post=7041"}],"version-history":[{"count":6,"href":"https:\/\/emeca.fi\/es\/wp-json\/wp\/v2\/pages\/7041\/revisions"}],"predecessor-version":[{"id":7537,"href":"https:\/\/emeca.fi\/es\/wp-json\/wp\/v2\/pages\/7041\/revisions\/7537"}],"wp:attachment":[{"href":"https:\/\/emeca.fi\/es\/wp-json\/wp\/v2\/media?parent=7041"}],"curies":[{"name":"wp","href":"https:\/\/api.w.org\/{rel}","templated":true}]}}