{"id":7767,"date":"2020-08-12T10:37:58","date_gmt":"2020-08-12T07:37:58","guid":{"rendered":"https:\/\/emeca.fi\/engineering\/"},"modified":"2020-08-12T11:01:19","modified_gmt":"2020-08-12T08:01:19","slug":"engineering","status":"publish","type":"page","link":"https:\/\/emeca.fi\/de\/engineering\/","title":{"rendered":"Engineering"},"content":{"rendered":"\t\t<div data-elementor-type=\"wp-post\" data-elementor-id=\"7767\" class=\"elementor elementor-7767 elementor-74\">\n\t\t\t\t\t\t<section class=\"elementor-section elementor-top-section elementor-element elementor-element-c69e62c elementor-section-height-min-height elementor-section-boxed elementor-section-height-default elementor-section-items-middle\" data-id=\"c69e62c\" data-element_type=\"section\" data-e-type=\"section\" data-settings=\"{&quot;background_background&quot;:&quot;slideshow&quot;,&quot;background_slideshow_gallery&quot;:[{&quot;id&quot;:1798,&quot;url&quot;:&quot;https:\\\/\\\/emeca.fi\\\/wp-content\\\/uploads\\\/2020\\\/05\\\/EMECA-piles-2.jpg&quot;},{&quot;id&quot;:1805,&quot;url&quot;:&quot;https:\\\/\\\/emeca.fi\\\/wp-content\\\/uploads\\\/2020\\\/05\\\/EMECA-pile-joint-1-2.jpg&quot;}],&quot;background_slideshow_slide_duration&quot;:7000,&quot;background_slideshow_transition_duration&quot;:700,&quot;background_slideshow_loop&quot;:&quot;yes&quot;,&quot;background_slideshow_slide_transition&quot;:&quot;fade&quot;}\">\n\t\t\t\t\t\t\t<div class=\"elementor-background-overlay\"><\/div>\n\t\t\t\t\t\t\t<div class=\"elementor-container elementor-column-gap-default\">\n\t\t\t\t\t<div class=\"elementor-column elementor-col-100 elementor-top-column elementor-element elementor-element-790d5ad\" data-id=\"790d5ad\" data-element_type=\"column\" data-e-type=\"column\">\n\t\t\t<div class=\"elementor-widget-wrap elementor-element-populated\">\n\t\t\t\t\t\t<div class=\"elementor-element elementor-element-4dc22de elementor-widget elementor-widget-heading\" data-id=\"4dc22de\" data-element_type=\"widget\" data-e-type=\"widget\" data-widget_type=\"heading.default\">\n\t\t\t\t<div class=\"elementor-widget-container\">\n\t\t\t\t\t<h1 class=\"elementor-heading-title elementor-size-default\">ENGINEERING<\/h1>\t\t\t\t<\/div>\n\t\t\t\t<\/div>\n\t\t\t\t\t<\/div>\n\t\t<\/div>\n\t\t\t\t\t<\/div>\n\t\t<\/section>\n\t\t\t\t<section class=\"elementor-section elementor-top-section elementor-element elementor-element-7a853630 elementor-section-content-middle elementor-section-boxed elementor-section-height-default elementor-section-height-default\" data-id=\"7a853630\" data-element_type=\"section\" data-e-type=\"section\">\n\t\t\t\t\t\t<div class=\"elementor-container elementor-column-gap-default\">\n\t\t\t\t\t<div class=\"elementor-column elementor-col-100 elementor-top-column elementor-element elementor-element-3073bab8\" data-id=\"3073bab8\" data-element_type=\"column\" data-e-type=\"column\">\n\t\t\t<div class=\"elementor-widget-wrap elementor-element-populated\">\n\t\t\t\t\t\t<div class=\"elementor-element elementor-element-ed32d82 elementor-widget elementor-widget-heading\" data-id=\"ed32d82\" data-element_type=\"widget\" data-e-type=\"widget\" data-widget_type=\"heading.default\">\n\t\t\t\t<div class=\"elementor-widget-container\">\n\t\t\t\t\t<h3 class=\"elementor-heading-title elementor-size-default\">BEMESSUNG UND TECHNISCHE UNTERST\u00dcTZUNG<\/h3>\t\t\t\t<\/div>\n\t\t\t\t<\/div>\n\t\t\t\t<div class=\"elementor-element elementor-element-cb8a75c elementor-widget elementor-widget-text-editor\" data-id=\"cb8a75c\" data-element_type=\"widget\" data-e-type=\"widget\" data-widget_type=\"text-editor.default\">\n\t\t\t\t<div class=\"elementor-widget-container\">\n\t\t\t\t\t\t\t\t\t<p>Neben der Herstellung der Produkte bieten wir unseren Kunden die Bemessung und technische Unterst\u00fctzung an. \u00dcber die Jahre haben wir in Zusammenarbeit mit unseren Kunden wichtige Innovationen in der Produktion wie auch bei den Produkten erzielen k\u00f6nnen.Unsere technische Hilfe steht den Kunden immer zur Verf\u00fcgung.<\/p><h5 class=\"elementor-heading-title elementor-size-default elementor-inline-editing pen\" style=\"font-style: normal; line-height: 1.2;\" data-elementor-setting-key=\"title\" data-pen-placeholder=\"Kirjoita t\u00e4h\u00e4n...\">\u2013 Petri Koivunen, Emeca Oy<\/h5>\t\t\t\t\t\t\t\t<\/div>\n\t\t\t\t<\/div>\n\t\t\t\t<div class=\"elementor-element elementor-element-2aa8e0a elementor-widget-divider--view-line elementor-widget elementor-widget-divider\" data-id=\"2aa8e0a\" data-element_type=\"widget\" data-e-type=\"widget\" data-widget_type=\"divider.default\">\n\t\t\t\t<div class=\"elementor-widget-container\">\n\t\t\t\t\t\t\t<div class=\"elementor-divider\">\n\t\t\t<span class=\"elementor-divider-separator\">\n\t\t\t\t\t\t<\/span>\n\t\t<\/div>\n\t\t\t\t\t\t<\/div>\n\t\t\t\t<\/div>\n\t\t\t\t<div class=\"elementor-element elementor-element-ce0ac51 elementor-widget elementor-widget-spacer\" data-id=\"ce0ac51\" data-element_type=\"widget\" data-e-type=\"widget\" data-widget_type=\"spacer.default\">\n\t\t\t\t<div class=\"elementor-widget-container\">\n\t\t\t\t\t\t\t<div class=\"elementor-spacer\">\n\t\t\t<div class=\"elementor-spacer-inner\"><\/div>\n\t\t<\/div>\n\t\t\t\t\t\t<\/div>\n\t\t\t\t<\/div>\n\t\t\t\t<div class=\"elementor-element elementor-element-30fd4d4 elementor-widget elementor-widget-heading\" data-id=\"30fd4d4\" data-element_type=\"widget\" data-e-type=\"widget\" data-widget_type=\"heading.default\">\n\t\t\t\t<div class=\"elementor-widget-container\">\n\t\t\t\t\t<h3 class=\"elementor-heading-title elementor-size-default\">KUNDENSPEZIFISCHE BEMESSUNG<\/h3>\t\t\t\t<\/div>\n\t\t\t\t<\/div>\n\t\t\t\t<div class=\"elementor-element elementor-element-70361a6 elementor-widget elementor-widget-text-editor\" data-id=\"70361a6\" data-element_type=\"widget\" data-e-type=\"widget\" data-widget_type=\"text-editor.default\">\n\t\t\t\t<div class=\"elementor-widget-container\">\n\t\t\t\t\t\t\t\t\t<p>Eine weitere St\u00e4rke Emecas ist die F\u00e4higkeit und Bereitschaft, sich an die Herrausforderungen der Kunden anzupassen. Neben unseren Standard- Produkten produzieren wir auch Sonderbauteile auf Kundenwunsch. Im Laufe der Jahre stellte Emeca eine Vielzahl von unterschiedlichen, speziell angefertigten Produkten mit speziellen Anforderungen her. Die Abmessung und Komponenten der Emeca- standart Produkte k\u00f6nnen auf die Kundenbed\u00fcrfnisse abgestimmt werden. Zudem ist es m\u00f6glich, auf Grundlage der Zusammenarbeit mit dem Kunden neue Produkttypen zu entwerfen und herzustellen.<\/p>\n\t\t\t\t\t\t\t\t<\/div>\n\t\t\t\t<\/div>\n\t\t\t\t<div class=\"elementor-element elementor-element-54524a4 elementor-widget elementor-widget-button\" data-id=\"54524a4\" data-element_type=\"widget\" data-e-type=\"widget\" data-widget_type=\"button.default\">\n\t\t\t\t<div class=\"elementor-widget-container\">\n\t\t\t\t\t\t\t\t\t<div class=\"elementor-button-wrapper\">\n\t\t\t\t\t<a class=\"elementor-button elementor-button-link elementor-size-sm elementor-animation-grow\" href=\"https:\/\/emeca.fi\/de\/kontakt\/\">\n\t\t\t\t\t\t<span class=\"elementor-button-content-wrapper\">\n\t\t\t\t\t\t\t\t\t<span class=\"elementor-button-text\">KONTAKT<\/span>\n\t\t\t\t\t<\/span>\n\t\t\t\t\t<\/a>\n\t\t\t\t<\/div>\n\t\t\t\t\t\t\t\t<\/div>\n\t\t\t\t<\/div>\n\t\t\t\t<div class=\"elementor-element elementor-element-ca40062 elementor-widget elementor-widget-spacer\" data-id=\"ca40062\" data-element_type=\"widget\" data-e-type=\"widget\" data-widget_type=\"spacer.default\">\n\t\t\t\t<div class=\"elementor-widget-container\">\n\t\t\t\t\t\t\t<div class=\"elementor-spacer\">\n\t\t\t<div class=\"elementor-spacer-inner\"><\/div>\n\t\t<\/div>\n\t\t\t\t\t\t<\/div>\n\t\t\t\t<\/div>\n\t\t\t\t\t<\/div>\n\t\t<\/div>\n\t\t\t\t\t<\/div>\n\t\t<\/section>\n\t\t\t\t<\/div>\n\t\t","protected":false},"excerpt":{"rendered":"<p>ENGINEERING BEMESSUNG UND TECHNISCHE UNTERST\u00dcTZUNG Neben der Herstellung der Produkte bieten wir unseren Kunden die Bemessung und technische Unterst\u00fctzung an. \u00dcber die Jahre haben wir in Zusammenarbeit mit unseren Kunden wichtige Innovationen in der Produktion wie auch bei den Produkten erzielen k\u00f6nnen.Unsere technische Hilfe steht den Kunden immer zur Verf\u00fcgung. \u2013 Petri Koivunen, Emeca Oy [&hellip;]<\/p>\n","protected":false},"author":1,"featured_media":0,"parent":0,"menu_order":0,"comment_status":"closed","ping_status":"closed","template":"elementor_header_footer","meta":{"site-sidebar-layout":"no-sidebar","site-content-layout":"page-builder","ast-site-content-layout":"default","site-content-style":"default","site-sidebar-style":"default","ast-global-header-display":"","ast-banner-title-visibility":"","ast-main-header-display":"","ast-hfb-above-header-display":"","ast-hfb-below-header-display":"","ast-hfb-mobile-header-display":"","site-post-title":"disabled","ast-breadcrumbs-content":"","ast-featured-img":"disabled","footer-sml-layout":"","ast-disable-related-posts":"","theme-transparent-header-meta":"default","adv-header-id-meta":"","stick-header-meta":"","header-above-stick-meta":"","header-main-stick-meta":"","header-below-stick-meta":"","astra-migrate-meta-layouts":"default","ast-page-background-enabled":"default","ast-page-background-meta":{"desktop":{"background-color":"","background-image":"","background-repeat":"repeat","background-position":"center center","background-size":"auto","background-attachment":"scroll","background-type":"","background-media":"","overlay-type":"","overlay-color":"","overlay-opacity":"","overlay-gradient":""},"tablet":{"background-color":"","background-image":"","background-repeat":"repeat","background-position":"center center","background-size":"auto","background-attachment":"scroll","background-type":"","background-media":"","overlay-type":"","overlay-color":"","overlay-opacity":"","overlay-gradient":""},"mobile":{"background-color":"","background-image":"","background-repeat":"repeat","background-position":"center center","background-size":"auto","background-attachment":"scroll","background-type":"","background-media":"","overlay-type":"","overlay-color":"","overlay-opacity":"","overlay-gradient":""}},"ast-content-background-meta":{"desktop":{"background-color":"var(--ast-global-color-5)","background-image":"","background-repeat":"repeat","background-position":"center center","background-size":"auto","background-attachment":"scroll","background-type":"","background-media":"","overlay-type":"","overlay-color":"","overlay-opacity":"","overlay-gradient":""},"tablet":{"background-color":"var(--ast-global-color-5)","background-image":"","background-repeat":"repeat","background-position":"center center","background-size":"auto","background-attachment":"scroll","background-type":"","background-media":"","overlay-type":"","overlay-color":"","overlay-opacity":"","overlay-gradient":""},"mobile":{"background-color":"var(--ast-global-color-5)","background-image":"","background-repeat":"repeat","background-position":"center center","background-size":"auto","background-attachment":"scroll","background-type":"","background-media":"","overlay-type":"","overlay-color":"","overlay-opacity":"","overlay-gradient":""}},"footnotes":""},"class_list":["post-7767","page","type-page","status-publish","hentry"],"yoast_head":"<!-- This site is optimized with the Yoast SEO plugin v27.4 - https:\/\/yoast.com\/product\/yoast-seo-wordpress\/ -->\n<title>Engineering - Emeca Oy<\/title>\n<meta name=\"description\" content=\"Neben der Herstellung der Produkte bieten wir unseren Kunden die Bemessung und technische Unterst\u00fctzung an. \u00dcber die Jahre haben wir in Zusammenarbeit mit unseren Kunden wichtige Innovationen in der Produktion wie auch bei den Produkten erzielen k\u00f6nnen.\" \/>\n<meta name=\"robots\" content=\"index, follow, max-snippet:-1, max-image-preview:large, max-video-preview:-1\" \/>\n<link rel=\"canonical\" href=\"https:\/\/emeca.fi\/de\/engineering\/\" \/>\n<meta property=\"og:locale\" content=\"de_DE\" \/>\n<meta property=\"og:type\" content=\"article\" \/>\n<meta property=\"og:title\" content=\"Engineering - Emeca Oy\" \/>\n<meta property=\"og:description\" content=\"Neben der Herstellung der Produkte bieten wir unseren Kunden die Bemessung und technische Unterst\u00fctzung an. \u00dcber die Jahre haben wir in Zusammenarbeit mit unseren Kunden wichtige Innovationen in der Produktion wie auch bei den Produkten erzielen k\u00f6nnen.\" \/>\n<meta property=\"og:url\" content=\"https:\/\/emeca.fi\/de\/engineering\/\" \/>\n<meta property=\"og:site_name\" content=\"Emeca Oy\" \/>\n<meta property=\"article:modified_time\" content=\"2020-08-12T08:01:19+00:00\" \/>\n<meta name=\"twitter:card\" content=\"summary_large_image\" \/>\n<meta name=\"twitter:label1\" content=\"Gesch\u00e4tzte Lesezeit\" \/>\n\t<meta name=\"twitter:data1\" content=\"1\u00a0Minute\" \/>\n<script type=\"application\/ld+json\" class=\"yoast-schema-graph\">{\"@context\":\"https:\\\/\\\/schema.org\",\"@graph\":[{\"@type\":\"WebPage\",\"@id\":\"https:\\\/\\\/emeca.fi\\\/de\\\/engineering\\\/\",\"url\":\"https:\\\/\\\/emeca.fi\\\/de\\\/engineering\\\/\",\"name\":\"Engineering - Emeca Oy\",\"isPartOf\":{\"@id\":\"https:\\\/\\\/emeca.fi\\\/de\\\/#website\"},\"datePublished\":\"2020-08-12T07:37:58+00:00\",\"dateModified\":\"2020-08-12T08:01:19+00:00\",\"description\":\"Neben der Herstellung der Produkte bieten wir unseren Kunden die Bemessung und technische Unterst\u00fctzung an. \u00dcber die Jahre haben wir in Zusammenarbeit mit unseren Kunden wichtige Innovationen in der Produktion wie auch bei den Produkten erzielen k\u00f6nnen.\",\"breadcrumb\":{\"@id\":\"https:\\\/\\\/emeca.fi\\\/de\\\/engineering\\\/#breadcrumb\"},\"inLanguage\":\"de\",\"potentialAction\":[{\"@type\":\"ReadAction\",\"target\":[\"https:\\\/\\\/emeca.fi\\\/de\\\/engineering\\\/\"]}]},{\"@type\":\"BreadcrumbList\",\"@id\":\"https:\\\/\\\/emeca.fi\\\/de\\\/engineering\\\/#breadcrumb\",\"itemListElement\":[{\"@type\":\"ListItem\",\"position\":1,\"name\":\"Home\",\"item\":\"https:\\\/\\\/emeca.fi\\\/de\\\/\"},{\"@type\":\"ListItem\",\"position\":2,\"name\":\"Engineering\"}]},{\"@type\":\"WebSite\",\"@id\":\"https:\\\/\\\/emeca.fi\\\/de\\\/#website\",\"url\":\"https:\\\/\\\/emeca.fi\\\/de\\\/\",\"name\":\"Emeca Oy\",\"description\":\"World&#039;s finest piling components\",\"publisher\":{\"@id\":\"https:\\\/\\\/emeca.fi\\\/de\\\/#organization\"},\"potentialAction\":[{\"@type\":\"SearchAction\",\"target\":{\"@type\":\"EntryPoint\",\"urlTemplate\":\"https:\\\/\\\/emeca.fi\\\/de\\\/?s={search_term_string}\"},\"query-input\":{\"@type\":\"PropertyValueSpecification\",\"valueRequired\":true,\"valueName\":\"search_term_string\"}}],\"inLanguage\":\"de\"},{\"@type\":\"Organization\",\"@id\":\"https:\\\/\\\/emeca.fi\\\/de\\\/#organization\",\"name\":\"Emeca Oy\",\"url\":\"https:\\\/\\\/emeca.fi\\\/de\\\/\",\"logo\":{\"@type\":\"ImageObject\",\"inLanguage\":\"de\",\"@id\":\"https:\\\/\\\/emeca.fi\\\/de\\\/#\\\/schema\\\/logo\\\/image\\\/\",\"url\":\"https:\\\/\\\/emeca.fi\\\/wp-content\\\/uploads\\\/2020\\\/05\\\/cropped-Emeca_logo2_valkoisella_taustalla.jpg\",\"contentUrl\":\"https:\\\/\\\/emeca.fi\\\/wp-content\\\/uploads\\\/2020\\\/05\\\/cropped-Emeca_logo2_valkoisella_taustalla.jpg\",\"width\":861,\"height\":204,\"caption\":\"Emeca Oy\"},\"image\":{\"@id\":\"https:\\\/\\\/emeca.fi\\\/de\\\/#\\\/schema\\\/logo\\\/image\\\/\"}}]}<\/script>\n<!-- \/ Yoast SEO plugin. -->","yoast_head_json":{"title":"Engineering - Emeca Oy","description":"Neben der Herstellung der Produkte bieten wir unseren Kunden die Bemessung und technische Unterst\u00fctzung an. \u00dcber die Jahre haben wir in Zusammenarbeit mit unseren Kunden wichtige Innovationen in der Produktion wie auch bei den Produkten erzielen k\u00f6nnen.","robots":{"index":"index","follow":"follow","max-snippet":"max-snippet:-1","max-image-preview":"max-image-preview:large","max-video-preview":"max-video-preview:-1"},"canonical":"https:\/\/emeca.fi\/de\/engineering\/","og_locale":"de_DE","og_type":"article","og_title":"Engineering - Emeca Oy","og_description":"Neben der Herstellung der Produkte bieten wir unseren Kunden die Bemessung und technische Unterst\u00fctzung an. \u00dcber die Jahre haben wir in Zusammenarbeit mit unseren Kunden wichtige Innovationen in der Produktion wie auch bei den Produkten erzielen k\u00f6nnen.","og_url":"https:\/\/emeca.fi\/de\/engineering\/","og_site_name":"Emeca Oy","article_modified_time":"2020-08-12T08:01:19+00:00","twitter_card":"summary_large_image","twitter_misc":{"Gesch\u00e4tzte Lesezeit":"1\u00a0Minute"},"schema":{"@context":"https:\/\/schema.org","@graph":[{"@type":"WebPage","@id":"https:\/\/emeca.fi\/de\/engineering\/","url":"https:\/\/emeca.fi\/de\/engineering\/","name":"Engineering - Emeca Oy","isPartOf":{"@id":"https:\/\/emeca.fi\/de\/#website"},"datePublished":"2020-08-12T07:37:58+00:00","dateModified":"2020-08-12T08:01:19+00:00","description":"Neben der Herstellung der Produkte bieten wir unseren Kunden die Bemessung und technische Unterst\u00fctzung an. \u00dcber die Jahre haben wir in Zusammenarbeit mit unseren Kunden wichtige Innovationen in der Produktion wie auch bei den Produkten erzielen k\u00f6nnen.","breadcrumb":{"@id":"https:\/\/emeca.fi\/de\/engineering\/#breadcrumb"},"inLanguage":"de","potentialAction":[{"@type":"ReadAction","target":["https:\/\/emeca.fi\/de\/engineering\/"]}]},{"@type":"BreadcrumbList","@id":"https:\/\/emeca.fi\/de\/engineering\/#breadcrumb","itemListElement":[{"@type":"ListItem","position":1,"name":"Home","item":"https:\/\/emeca.fi\/de\/"},{"@type":"ListItem","position":2,"name":"Engineering"}]},{"@type":"WebSite","@id":"https:\/\/emeca.fi\/de\/#website","url":"https:\/\/emeca.fi\/de\/","name":"Emeca Oy","description":"World&#039;s finest piling components","publisher":{"@id":"https:\/\/emeca.fi\/de\/#organization"},"potentialAction":[{"@type":"SearchAction","target":{"@type":"EntryPoint","urlTemplate":"https:\/\/emeca.fi\/de\/?s={search_term_string}"},"query-input":{"@type":"PropertyValueSpecification","valueRequired":true,"valueName":"search_term_string"}}],"inLanguage":"de"},{"@type":"Organization","@id":"https:\/\/emeca.fi\/de\/#organization","name":"Emeca Oy","url":"https:\/\/emeca.fi\/de\/","logo":{"@type":"ImageObject","inLanguage":"de","@id":"https:\/\/emeca.fi\/de\/#\/schema\/logo\/image\/","url":"https:\/\/emeca.fi\/wp-content\/uploads\/2020\/05\/cropped-Emeca_logo2_valkoisella_taustalla.jpg","contentUrl":"https:\/\/emeca.fi\/wp-content\/uploads\/2020\/05\/cropped-Emeca_logo2_valkoisella_taustalla.jpg","width":861,"height":204,"caption":"Emeca Oy"},"image":{"@id":"https:\/\/emeca.fi\/de\/#\/schema\/logo\/image\/"}}]}},"_links":{"self":[{"href":"https:\/\/emeca.fi\/de\/wp-json\/wp\/v2\/pages\/7767","targetHints":{"allow":["GET"]}}],"collection":[{"href":"https:\/\/emeca.fi\/de\/wp-json\/wp\/v2\/pages"}],"about":[{"href":"https:\/\/emeca.fi\/de\/wp-json\/wp\/v2\/types\/page"}],"author":[{"embeddable":true,"href":"https:\/\/emeca.fi\/de\/wp-json\/wp\/v2\/users\/1"}],"replies":[{"embeddable":true,"href":"https:\/\/emeca.fi\/de\/wp-json\/wp\/v2\/comments?post=7767"}],"version-history":[{"count":2,"href":"https:\/\/emeca.fi\/de\/wp-json\/wp\/v2\/pages\/7767\/revisions"}],"predecessor-version":[{"id":7899,"href":"https:\/\/emeca.fi\/de\/wp-json\/wp\/v2\/pages\/7767\/revisions\/7899"}],"wp:attachment":[{"href":"https:\/\/emeca.fi\/de\/wp-json\/wp\/v2\/media?parent=7767"}],"curies":[{"name":"wp","href":"https:\/\/api.w.org\/{rel}","templated":true}]}}