{"id":7625,"date":"2020-07-15T12:32:52","date_gmt":"2020-07-15T09:32:52","guid":{"rendered":"https:\/\/emeca.fi\/produktion\/"},"modified":"2024-02-13T15:15:28","modified_gmt":"2024-02-13T13:15:28","slug":"produktion","status":"publish","type":"page","link":"https:\/\/emeca.fi\/de\/produktion\/","title":{"rendered":"Produktion"},"content":{"rendered":"\t\t<div data-elementor-type=\"wp-post\" data-elementor-id=\"7625\" class=\"elementor elementor-7625 elementor-4431\">\n\t\t\t\t\t\t<section class=\"elementor-section elementor-top-section elementor-element elementor-element-rlgh7v6 elementor-section-height-min-height elementor-section-boxed elementor-section-height-default elementor-section-items-middle\" data-id=\"rlgh7v6\" data-element_type=\"section\" data-e-type=\"section\" data-settings=\"{&quot;background_background&quot;:&quot;slideshow&quot;,&quot;background_slideshow_gallery&quot;:[{&quot;id&quot;:4573,&quot;url&quot;:&quot;https:\\\/\\\/emeca.fi\\\/wp-content\\\/uploads\\\/2020\\\/06\\\/Emeca-robot-welding-1.jpg&quot;},{&quot;id&quot;:1660,&quot;url&quot;:&quot;https:\\\/\\\/emeca.fi\\\/wp-content\\\/uploads\\\/2020\\\/05\\\/Emeca-quality-1-1.jpg&quot;}],&quot;background_slideshow_transition_duration&quot;:700,&quot;background_slideshow_loop&quot;:&quot;yes&quot;,&quot;background_slideshow_slide_duration&quot;:5000,&quot;background_slideshow_slide_transition&quot;:&quot;fade&quot;}\">\n\t\t\t\t\t\t\t<div class=\"elementor-background-overlay\"><\/div>\n\t\t\t\t\t\t\t<div class=\"elementor-container elementor-column-gap-default\">\n\t\t\t\t\t<div class=\"elementor-column elementor-col-100 elementor-top-column elementor-element elementor-element-teyzpiw\" data-id=\"teyzpiw\" data-element_type=\"column\" data-e-type=\"column\">\n\t\t\t<div class=\"elementor-widget-wrap elementor-element-populated\">\n\t\t\t\t\t\t<div class=\"elementor-element elementor-element-9g3dbfz elementor-widget elementor-widget-heading\" data-id=\"9g3dbfz\" data-element_type=\"widget\" data-e-type=\"widget\" data-widget_type=\"heading.default\">\n\t\t\t\t<div class=\"elementor-widget-container\">\n\t\t\t\t\t<h1 class=\"elementor-heading-title elementor-size-default\">PRODUKTION<\/h1>\t\t\t\t<\/div>\n\t\t\t\t<\/div>\n\t\t\t\t\t<\/div>\n\t\t<\/div>\n\t\t\t\t\t<\/div>\n\t\t<\/section>\n\t\t\t\t<section class=\"elementor-section elementor-top-section elementor-element elementor-element-58bd7309 elementor-section-content-middle elementor-section-boxed elementor-section-height-default elementor-section-height-default\" data-id=\"58bd7309\" data-element_type=\"section\" data-e-type=\"section\">\n\t\t\t\t\t\t<div class=\"elementor-container elementor-column-gap-no\">\n\t\t\t\t\t<div class=\"elementor-column elementor-col-50 elementor-top-column elementor-element elementor-element-186bcb2d\" data-id=\"186bcb2d\" data-element_type=\"column\" data-e-type=\"column\">\n\t\t\t<div class=\"elementor-widget-wrap elementor-element-populated\">\n\t\t\t\t\t\t<div class=\"elementor-element elementor-element-lajf8ql elementor-widget elementor-widget-heading\" data-id=\"lajf8ql\" data-element_type=\"widget\" data-e-type=\"widget\" data-widget_type=\"heading.default\">\n\t\t\t\t<div class=\"elementor-widget-container\">\n\t\t\t\t\t<h3 class=\"elementor-heading-title elementor-size-default\">WIR SCH\u00c4TZEN PERS\u00d6NLICHE F\u00c4HIGKEITEN<\/h3>\t\t\t\t<\/div>\n\t\t\t\t<\/div>\n\t\t\t\t<div class=\"elementor-element elementor-element-d7cakya elementor-widget elementor-widget-text-editor\" data-id=\"d7cakya\" data-element_type=\"widget\" data-e-type=\"widget\" data-widget_type=\"text-editor.default\">\n\t\t\t\t<div class=\"elementor-widget-container\">\n\t\t\t\t\t\t\t\t\t<p>Wir investieren insbesondere in unsere Mitarbeiter. Unsere Produkte und Produktionsst\u00e4tten wurden alle von unseren hochquallifiziertern Mitarbeitern entwickelt und umgesetzt. Zudem zeichnet sich unsere Produktion durch einen hohen Automatisierungsgrad aus, der in der Branche un\u00fcbertroffen ist. H\u00f6chste Produktionseffizienz, hervorrangendes Fachwissen und eine gro\u00dfe Teamf\u00e4higkeit sind unsere Wettbewerbsvorteile, die auch unseren Kunden zugute kommen.<\/p>\n\t\t\t\t\t\t\t\t<\/div>\n\t\t\t\t<\/div>\n\t\t\t\t<div class=\"elementor-element elementor-element-1e857b11 elementor-widget elementor-widget-button\" data-id=\"1e857b11\" data-element_type=\"widget\" data-e-type=\"widget\" data-widget_type=\"button.default\">\n\t\t\t\t<div class=\"elementor-widget-container\">\n\t\t\t\t\t\t\t\t\t<div class=\"elementor-button-wrapper\">\n\t\t\t\t\t<a class=\"elementor-button elementor-button-link elementor-size-sm elementor-animation-grow\" href=\"https:\/\/emeca.fi\/de\/kontakt\/\">\n\t\t\t\t\t\t<span class=\"elementor-button-content-wrapper\">\n\t\t\t\t\t\t\t\t\t<span class=\"elementor-button-text\">KONTAKT<\/span>\n\t\t\t\t\t<\/span>\n\t\t\t\t\t<\/a>\n\t\t\t\t<\/div>\n\t\t\t\t\t\t\t\t<\/div>\n\t\t\t\t<\/div>\n\t\t\t\t\t<\/div>\n\t\t<\/div>\n\t\t\t\t<div class=\"elementor-column elementor-col-50 elementor-top-column elementor-element elementor-element-4fbfdeb\" data-id=\"4fbfdeb\" data-element_type=\"column\" data-e-type=\"column\">\n\t\t\t<div class=\"elementor-widget-wrap elementor-element-populated\">\n\t\t\t\t\t\t<div class=\"elementor-element elementor-element-236e3b5 elementor-widget elementor-widget-spacer\" data-id=\"236e3b5\" data-element_type=\"widget\" data-e-type=\"widget\" data-widget_type=\"spacer.default\">\n\t\t\t\t<div class=\"elementor-widget-container\">\n\t\t\t\t\t\t\t<div class=\"elementor-spacer\">\n\t\t\t<div class=\"elementor-spacer-inner\"><\/div>\n\t\t<\/div>\n\t\t\t\t\t\t<\/div>\n\t\t\t\t<\/div>\n\t\t\t\t<div class=\"elementor-element elementor-element-5f2eb0c5 elementor-widget elementor-widget-image\" data-id=\"5f2eb0c5\" data-element_type=\"widget\" data-e-type=\"widget\" data-widget_type=\"image.default\">\n\t\t\t\t<div class=\"elementor-widget-container\">\n\t\t\t\t\t\t\t\t\t\t\t\t\t\t\t<img fetchpriority=\"high\" decoding=\"async\" width=\"1024\" height=\"689\" src=\"https:\/\/emeca.fi\/wp-content\/uploads\/2020\/05\/Emeca10-1-Websites-19-1024x689.jpg\" class=\"attachment-large size-large wp-image-6663\" alt=\"\" srcset=\"https:\/\/emeca.fi\/wp-content\/uploads\/2020\/05\/Emeca10-1-Websites-19-1024x689.jpg 1024w, https:\/\/emeca.fi\/wp-content\/uploads\/2020\/05\/Emeca10-1-Websites-19-300x202.jpg 300w, https:\/\/emeca.fi\/wp-content\/uploads\/2020\/05\/Emeca10-1-Websites-19-768x516.jpg 768w, https:\/\/emeca.fi\/wp-content\/uploads\/2020\/05\/Emeca10-1-Websites-19.jpg 1200w\" sizes=\"(max-width: 1024px) 100vw, 1024px\" \/>\t\t\t\t\t\t\t\t\t\t\t\t\t\t\t<\/div>\n\t\t\t\t<\/div>\n\t\t\t\t\t<\/div>\n\t\t<\/div>\n\t\t\t\t\t<\/div>\n\t\t<\/section>\n\t\t\t\t<\/div>\n\t\t","protected":false},"excerpt":{"rendered":"<p>PRODUKTION WIR SCH\u00c4TZEN PERS\u00d6NLICHE F\u00c4HIGKEITEN Wir investieren insbesondere in unsere Mitarbeiter. Unsere Produkte und Produktionsst\u00e4tten wurden alle von unseren hochquallifiziertern Mitarbeitern entwickelt und umgesetzt. Zudem zeichnet sich unsere Produktion durch einen hohen Automatisierungsgrad aus, der in der Branche un\u00fcbertroffen ist. H\u00f6chste Produktionseffizienz, hervorrangendes Fachwissen und eine gro\u00dfe Teamf\u00e4higkeit sind unsere Wettbewerbsvorteile, die auch unseren Kunden [&hellip;]<\/p>\n","protected":false},"author":3,"featured_media":0,"parent":0,"menu_order":0,"comment_status":"closed","ping_status":"closed","template":"elementor_header_footer","meta":{"site-sidebar-layout":"no-sidebar","site-content-layout":"page-builder","ast-site-content-layout":"default","site-content-style":"default","site-sidebar-style":"default","ast-global-header-display":"","ast-banner-title-visibility":"","ast-main-header-display":"","ast-hfb-above-header-display":"","ast-hfb-below-header-display":"","ast-hfb-mobile-header-display":"","site-post-title":"disabled","ast-breadcrumbs-content":"","ast-featured-img":"disabled","footer-sml-layout":"","ast-disable-related-posts":"","theme-transparent-header-meta":"default","adv-header-id-meta":"","stick-header-meta":"","header-above-stick-meta":"","header-main-stick-meta":"","header-below-stick-meta":"","astra-migrate-meta-layouts":"default","ast-page-background-enabled":"default","ast-page-background-meta":{"desktop":{"background-color":"","background-image":"","background-repeat":"repeat","background-position":"center center","background-size":"auto","background-attachment":"scroll","background-type":"","background-media":"","overlay-type":"","overlay-color":"","overlay-opacity":"","overlay-gradient":""},"tablet":{"background-color":"","background-image":"","background-repeat":"repeat","background-position":"center center","background-size":"auto","background-attachment":"scroll","background-type":"","background-media":"","overlay-type":"","overlay-color":"","overlay-opacity":"","overlay-gradient":""},"mobile":{"background-color":"","background-image":"","background-repeat":"repeat","background-position":"center center","background-size":"auto","background-attachment":"scroll","background-type":"","background-media":"","overlay-type":"","overlay-color":"","overlay-opacity":"","overlay-gradient":""}},"ast-content-background-meta":{"desktop":{"background-color":"var(--ast-global-color-5)","background-image":"","background-repeat":"repeat","background-position":"center center","background-size":"auto","background-attachment":"scroll","background-type":"","background-media":"","overlay-type":"","overlay-color":"","overlay-opacity":"","overlay-gradient":""},"tablet":{"background-color":"var(--ast-global-color-5)","background-image":"","background-repeat":"repeat","background-position":"center center","background-size":"auto","background-attachment":"scroll","background-type":"","background-media":"","overlay-type":"","overlay-color":"","overlay-opacity":"","overlay-gradient":""},"mobile":{"background-color":"var(--ast-global-color-5)","background-image":"","background-repeat":"repeat","background-position":"center center","background-size":"auto","background-attachment":"scroll","background-type":"","background-media":"","overlay-type":"","overlay-color":"","overlay-opacity":"","overlay-gradient":""}},"footnotes":""},"class_list":["post-7625","page","type-page","status-publish","hentry"],"yoast_head":"<!-- This site is optimized with the Yoast SEO plugin v27.4 - https:\/\/yoast.com\/product\/yoast-seo-wordpress\/ -->\n<title>Produktion - Emeca Oy<\/title>\n<meta name=\"robots\" content=\"index, follow, max-snippet:-1, max-image-preview:large, max-video-preview:-1\" \/>\n<link rel=\"canonical\" href=\"https:\/\/emeca.fi\/de\/produktion\/\" \/>\n<meta property=\"og:locale\" content=\"de_DE\" \/>\n<meta property=\"og:type\" content=\"article\" \/>\n<meta property=\"og:title\" content=\"Produktion - Emeca Oy\" \/>\n<meta property=\"og:description\" content=\"PRODUKTION WIR SCH\u00c4TZEN PERS\u00d6NLICHE F\u00c4HIGKEITEN Wir investieren insbesondere in unsere Mitarbeiter. Unsere Produkte und Produktionsst\u00e4tten wurden alle von unseren hochquallifiziertern Mitarbeitern entwickelt und umgesetzt. Zudem zeichnet sich unsere Produktion durch einen hohen Automatisierungsgrad aus, der in der Branche un\u00fcbertroffen ist. H\u00f6chste Produktionseffizienz, hervorrangendes Fachwissen und eine gro\u00dfe Teamf\u00e4higkeit sind unsere Wettbewerbsvorteile, die auch unseren Kunden [&hellip;]\" \/>\n<meta property=\"og:url\" content=\"https:\/\/emeca.fi\/de\/produktion\/\" \/>\n<meta property=\"og:site_name\" content=\"Emeca Oy\" \/>\n<meta property=\"article:modified_time\" content=\"2024-02-13T13:15:28+00:00\" \/>\n<meta property=\"og:image\" content=\"https:\/\/emeca.fi\/wp-content\/uploads\/2020\/05\/Emeca10-1-Websites-19-1024x689.jpg\" \/>\n<meta name=\"twitter:card\" content=\"summary_large_image\" \/>\n<meta name=\"twitter:label1\" content=\"Gesch\u00e4tzte Lesezeit\" \/>\n\t<meta name=\"twitter:data1\" content=\"1\u00a0Minute\" \/>\n<script type=\"application\/ld+json\" class=\"yoast-schema-graph\">{\"@context\":\"https:\\\/\\\/schema.org\",\"@graph\":[{\"@type\":\"WebPage\",\"@id\":\"https:\\\/\\\/emeca.fi\\\/de\\\/produktion\\\/\",\"url\":\"https:\\\/\\\/emeca.fi\\\/de\\\/produktion\\\/\",\"name\":\"Produktion - Emeca Oy\",\"isPartOf\":{\"@id\":\"https:\\\/\\\/emeca.fi\\\/de\\\/#website\"},\"primaryImageOfPage\":{\"@id\":\"https:\\\/\\\/emeca.fi\\\/de\\\/produktion\\\/#primaryimage\"},\"image\":{\"@id\":\"https:\\\/\\\/emeca.fi\\\/de\\\/produktion\\\/#primaryimage\"},\"thumbnailUrl\":\"https:\\\/\\\/emeca.fi\\\/wp-content\\\/uploads\\\/2020\\\/05\\\/Emeca10-1-Websites-19-1024x689.jpg\",\"datePublished\":\"2020-07-15T09:32:52+00:00\",\"dateModified\":\"2024-02-13T13:15:28+00:00\",\"breadcrumb\":{\"@id\":\"https:\\\/\\\/emeca.fi\\\/de\\\/produktion\\\/#breadcrumb\"},\"inLanguage\":\"de\",\"potentialAction\":[{\"@type\":\"ReadAction\",\"target\":[\"https:\\\/\\\/emeca.fi\\\/de\\\/produktion\\\/\"]}]},{\"@type\":\"ImageObject\",\"inLanguage\":\"de\",\"@id\":\"https:\\\/\\\/emeca.fi\\\/de\\\/produktion\\\/#primaryimage\",\"url\":\"https:\\\/\\\/emeca.fi\\\/wp-content\\\/uploads\\\/2020\\\/05\\\/Emeca10-1-Websites-19-1024x689.jpg\",\"contentUrl\":\"https:\\\/\\\/emeca.fi\\\/wp-content\\\/uploads\\\/2020\\\/05\\\/Emeca10-1-Websites-19-1024x689.jpg\"},{\"@type\":\"BreadcrumbList\",\"@id\":\"https:\\\/\\\/emeca.fi\\\/de\\\/produktion\\\/#breadcrumb\",\"itemListElement\":[{\"@type\":\"ListItem\",\"position\":1,\"name\":\"Home\",\"item\":\"https:\\\/\\\/emeca.fi\\\/de\\\/\"},{\"@type\":\"ListItem\",\"position\":2,\"name\":\"Produktion\"}]},{\"@type\":\"WebSite\",\"@id\":\"https:\\\/\\\/emeca.fi\\\/de\\\/#website\",\"url\":\"https:\\\/\\\/emeca.fi\\\/de\\\/\",\"name\":\"Emeca Oy\",\"description\":\"World&#039;s finest piling components\",\"publisher\":{\"@id\":\"https:\\\/\\\/emeca.fi\\\/de\\\/#organization\"},\"potentialAction\":[{\"@type\":\"SearchAction\",\"target\":{\"@type\":\"EntryPoint\",\"urlTemplate\":\"https:\\\/\\\/emeca.fi\\\/de\\\/?s={search_term_string}\"},\"query-input\":{\"@type\":\"PropertyValueSpecification\",\"valueRequired\":true,\"valueName\":\"search_term_string\"}}],\"inLanguage\":\"de\"},{\"@type\":\"Organization\",\"@id\":\"https:\\\/\\\/emeca.fi\\\/de\\\/#organization\",\"name\":\"Emeca Oy\",\"url\":\"https:\\\/\\\/emeca.fi\\\/de\\\/\",\"logo\":{\"@type\":\"ImageObject\",\"inLanguage\":\"de\",\"@id\":\"https:\\\/\\\/emeca.fi\\\/de\\\/#\\\/schema\\\/logo\\\/image\\\/\",\"url\":\"https:\\\/\\\/emeca.fi\\\/wp-content\\\/uploads\\\/2020\\\/05\\\/cropped-Emeca_logo2_valkoisella_taustalla.jpg\",\"contentUrl\":\"https:\\\/\\\/emeca.fi\\\/wp-content\\\/uploads\\\/2020\\\/05\\\/cropped-Emeca_logo2_valkoisella_taustalla.jpg\",\"width\":861,\"height\":204,\"caption\":\"Emeca Oy\"},\"image\":{\"@id\":\"https:\\\/\\\/emeca.fi\\\/de\\\/#\\\/schema\\\/logo\\\/image\\\/\"}}]}<\/script>\n<!-- \/ Yoast SEO plugin. -->","yoast_head_json":{"title":"Produktion - Emeca Oy","robots":{"index":"index","follow":"follow","max-snippet":"max-snippet:-1","max-image-preview":"max-image-preview:large","max-video-preview":"max-video-preview:-1"},"canonical":"https:\/\/emeca.fi\/de\/produktion\/","og_locale":"de_DE","og_type":"article","og_title":"Produktion - Emeca Oy","og_description":"PRODUKTION WIR SCH\u00c4TZEN PERS\u00d6NLICHE F\u00c4HIGKEITEN Wir investieren insbesondere in unsere Mitarbeiter. Unsere Produkte und Produktionsst\u00e4tten wurden alle von unseren hochquallifiziertern Mitarbeitern entwickelt und umgesetzt. Zudem zeichnet sich unsere Produktion durch einen hohen Automatisierungsgrad aus, der in der Branche un\u00fcbertroffen ist. H\u00f6chste Produktionseffizienz, hervorrangendes Fachwissen und eine gro\u00dfe Teamf\u00e4higkeit sind unsere Wettbewerbsvorteile, die auch unseren Kunden [&hellip;]","og_url":"https:\/\/emeca.fi\/de\/produktion\/","og_site_name":"Emeca Oy","article_modified_time":"2024-02-13T13:15:28+00:00","og_image":[{"url":"https:\/\/emeca.fi\/wp-content\/uploads\/2020\/05\/Emeca10-1-Websites-19-1024x689.jpg","type":"","width":"","height":""}],"twitter_card":"summary_large_image","twitter_misc":{"Gesch\u00e4tzte Lesezeit":"1\u00a0Minute"},"schema":{"@context":"https:\/\/schema.org","@graph":[{"@type":"WebPage","@id":"https:\/\/emeca.fi\/de\/produktion\/","url":"https:\/\/emeca.fi\/de\/produktion\/","name":"Produktion - Emeca Oy","isPartOf":{"@id":"https:\/\/emeca.fi\/de\/#website"},"primaryImageOfPage":{"@id":"https:\/\/emeca.fi\/de\/produktion\/#primaryimage"},"image":{"@id":"https:\/\/emeca.fi\/de\/produktion\/#primaryimage"},"thumbnailUrl":"https:\/\/emeca.fi\/wp-content\/uploads\/2020\/05\/Emeca10-1-Websites-19-1024x689.jpg","datePublished":"2020-07-15T09:32:52+00:00","dateModified":"2024-02-13T13:15:28+00:00","breadcrumb":{"@id":"https:\/\/emeca.fi\/de\/produktion\/#breadcrumb"},"inLanguage":"de","potentialAction":[{"@type":"ReadAction","target":["https:\/\/emeca.fi\/de\/produktion\/"]}]},{"@type":"ImageObject","inLanguage":"de","@id":"https:\/\/emeca.fi\/de\/produktion\/#primaryimage","url":"https:\/\/emeca.fi\/wp-content\/uploads\/2020\/05\/Emeca10-1-Websites-19-1024x689.jpg","contentUrl":"https:\/\/emeca.fi\/wp-content\/uploads\/2020\/05\/Emeca10-1-Websites-19-1024x689.jpg"},{"@type":"BreadcrumbList","@id":"https:\/\/emeca.fi\/de\/produktion\/#breadcrumb","itemListElement":[{"@type":"ListItem","position":1,"name":"Home","item":"https:\/\/emeca.fi\/de\/"},{"@type":"ListItem","position":2,"name":"Produktion"}]},{"@type":"WebSite","@id":"https:\/\/emeca.fi\/de\/#website","url":"https:\/\/emeca.fi\/de\/","name":"Emeca Oy","description":"World&#039;s finest piling components","publisher":{"@id":"https:\/\/emeca.fi\/de\/#organization"},"potentialAction":[{"@type":"SearchAction","target":{"@type":"EntryPoint","urlTemplate":"https:\/\/emeca.fi\/de\/?s={search_term_string}"},"query-input":{"@type":"PropertyValueSpecification","valueRequired":true,"valueName":"search_term_string"}}],"inLanguage":"de"},{"@type":"Organization","@id":"https:\/\/emeca.fi\/de\/#organization","name":"Emeca Oy","url":"https:\/\/emeca.fi\/de\/","logo":{"@type":"ImageObject","inLanguage":"de","@id":"https:\/\/emeca.fi\/de\/#\/schema\/logo\/image\/","url":"https:\/\/emeca.fi\/wp-content\/uploads\/2020\/05\/cropped-Emeca_logo2_valkoisella_taustalla.jpg","contentUrl":"https:\/\/emeca.fi\/wp-content\/uploads\/2020\/05\/cropped-Emeca_logo2_valkoisella_taustalla.jpg","width":861,"height":204,"caption":"Emeca Oy"},"image":{"@id":"https:\/\/emeca.fi\/de\/#\/schema\/logo\/image\/"}}]}},"_links":{"self":[{"href":"https:\/\/emeca.fi\/de\/wp-json\/wp\/v2\/pages\/7625","targetHints":{"allow":["GET"]}}],"collection":[{"href":"https:\/\/emeca.fi\/de\/wp-json\/wp\/v2\/pages"}],"about":[{"href":"https:\/\/emeca.fi\/de\/wp-json\/wp\/v2\/types\/page"}],"author":[{"embeddable":true,"href":"https:\/\/emeca.fi\/de\/wp-json\/wp\/v2\/users\/3"}],"replies":[{"embeddable":true,"href":"https:\/\/emeca.fi\/de\/wp-json\/wp\/v2\/comments?post=7625"}],"version-history":[{"count":7,"href":"https:\/\/emeca.fi\/de\/wp-json\/wp\/v2\/pages\/7625\/revisions"}],"predecessor-version":[{"id":10316,"href":"https:\/\/emeca.fi\/de\/wp-json\/wp\/v2\/pages\/7625\/revisions\/10316"}],"wp:attachment":[{"href":"https:\/\/emeca.fi\/de\/wp-json\/wp\/v2\/media?parent=7625"}],"curies":[{"name":"wp","href":"https:\/\/api.w.org\/{rel}","templated":true}]}}